{"id":1400,"date":"2020-09-12T17:14:42","date_gmt":"2020-09-12T15:14:42","guid":{"rendered":"https:\/\/www.fixit.gr\/?page_id=1400"},"modified":"2025-12-18T15:00:29","modified_gmt":"2025-12-18T13:00:29","slug":"seo","status":"publish","type":"page","link":"https:\/\/www.fixit.gr\/de\/seo","title":{"rendered":"SEO"},"content":{"rendered":"<section class=\"l-section wpb_row erp-connection-section height_medium\"><div class=\"l-section-h i-cf\"><div class=\"g-cols vc_row via_grid cols_1 laptops-cols_inherit tablets-cols_inherit mobiles-cols_1 valign_top type_default stacking_default\"><div class=\"wpb_column vc_column_container\"><div class=\"vc_column-inner\"><div class=\"w-vwrapper erp-connection-hero align_none valign_top\"><div class=\"wpb_text_column fx_custom_64abb3ab has_text_color\"><div class=\"wpb_wrapper\"><h1>Was ist SEO?<\/h1>\n<\/div><\/div><div class=\"wpb_text_column fx_custom_66267070 has_text_color\"><div class=\"wpb_wrapper\"><p>SEO (Search Engine Optimization) bezieht sich auf alle Aktionen, die auf einer Website ausgef\u00fchrt werden, um in den organischen Ergebnissen von Suchmaschinen einen hohen Rang einzunehmen.<\/p>\n<p>Mit anderen Worten, es geht darum, die Website inhaltlich und strukturell zu optimieren.<\/p>\n<p>Mit den entsprechenden Ma\u00dfnahmen erh\u00f6hen Sie den Traffic auf Ihre Website (Web-Traffic) ohne Werbekosten. Es braucht Zeit, um die ersten Ergebnisse zu beobachten, und erfordert eine kontinuierliche Anreicherung des Inhalts der Seite.<\/p>\n<p>Eine schnelle Website, die von Suchmaschinen einfach und effektiv durchsucht werden kann, ist das Grundprinzip von SEO.<\/p>\n<p>SEO unterscheidet sich in der On-Site-SEO, die alle Optimierungsma\u00dfnahmen auf Ihrer Website umfasst, und in der Off-Site-SEO, die die Werbung f\u00fcr die Website \u00fcber externe Kan\u00e4le und Websites betrifft.<\/p>\n<\/div><\/div><div class=\"w-image fx_custom_9e2f174f align_none\"><div class=\"w-image-h\"><img loading=\"lazy\" decoding=\"async\" width=\"755\" height=\"755\" src=\"https:\/\/www.fixit.gr\/wp-content\/uploads\/Ellipse-15-1.png\" class=\"attachment-large size-large\" alt=\"\" srcset=\"https:\/\/www.fixit.gr\/wp-content\/uploads\/Ellipse-15-1.png 755w, https:\/\/www.fixit.gr\/wp-content\/uploads\/Ellipse-15-1-300x300.png 300w, https:\/\/www.fixit.gr\/wp-content\/uploads\/Ellipse-15-1-150x150.png 150w, https:\/\/www.fixit.gr\/wp-content\/uploads\/Ellipse-15-1-12x12.png 12w, https:\/\/www.fixit.gr\/wp-content\/uploads\/Ellipse-15-1-64x64.png 64w\" sizes=\"auto, (max-width: 755px) 100vw, 755px\" \/><\/div><\/div><\/div><\/div><\/div><\/div><\/div><\/section><section class=\"l-section wpb_row fx_custom_20299700 hide_on_default hide_on_laptops hide_on_tablets hide_on_mobiles height_medium width_full\"><div class=\"l-section-h i-cf\"><div class=\"g-cols vc_row via_grid cols_1 laptops-cols_inherit tablets-cols_inherit mobiles-cols_1 valign_top type_default stacking_default\"><div class=\"wpb_column vc_column_container cloud-hero-wrapper\"><div class=\"vc_column-inner\"><div class=\"w-html\"><div class=\"cloud-wrapper\">\n    <div class=\"cloud-inner\">\n        <div class=\"cloud\">\n            <div class=\"cloud-text\">\u0394\u03b7\u03bc\u03b9\u03bf\u03c5\u03c1\u03b3\u03ae\u03c3\u03b1\u03bc\u03b5 \u03c4\u03bf Fixit ERP Integrator<\/div>\n            <img decoding=\"async\" src=\"\/wp-content\/uploads\/Group-71.png\" alt=\"\">\n        <\/div>\n        <div class=\"cloud-description\">\n            <p>Es ist ein Vermittlungssystem, das die beiden Programme perfekt kombiniert. Es ist flexibel, effizient und erm\u00f6glicht die Verbindung zu jedem Datenformat, einschlie\u00dflich Web Services, XML, CSV und anderen. Fixit ERP Integrator ist sofort verf\u00fcgbar, an die Anforderungen Ihres Unternehmens angepasst und wurde in Dutzenden von Magento-Eshops in der Praxis getestet.<\/p>\n        <\/div>\n    <\/div>\n<\/div>\n<\/div><\/div><\/div><\/div><\/div><\/section><section class=\"l-section wpb_row fx_custom_7c7ffac9 height_medium\"><div class=\"l-section-h i-cf\"><div class=\"g-cols vc_row via_grid cols_1 laptops-cols_inherit tablets-cols_inherit mobiles-cols_1 valign_top type_default stacking_default\"><div class=\"wpb_column vc_column_container\"><div class=\"vc_column-inner\"><div class=\"g-cols wpb_row fx_custom_c1e8dcb4 via_grid cols_1 laptops-cols_inherit tablets-cols_inherit mobiles-cols_1 valign_top type_default stacking_default\"><div class=\"wpb_column vc_column_container\"><div class=\"vc_column-inner\"><h3 class=\"w-text fx_custom_e198bc31 has_text_color\"><span class=\"w-text-h\"><span class=\"w-text-value\">Die Phasen einer integrierten SEO-Strategie sind folgende:<\/span><\/span><\/h3><\/div><\/div><\/div><div class=\"g-cols wpb_row erp-flexibility-subsection via_grid cols_2 laptops-cols_inherit tablets-cols_inherit mobiles-cols_1 valign_top type_default stacking_default\" style=\"grid-gap:15px;\"><div class=\"wpb_column vc_column_container erp-flexibility-box-wrapper\"><div class=\"vc_column-inner\"><div class=\"w-vwrapper fx_custom_9194345c erp-flexibility-box align_center valign_top\"><div class=\"w-iconbox fx_custom_3b00ca81 has_text_color iconpos_top style_default color_primary align_center no_title no_text\"><div class=\"w-iconbox-icon\" style=\"font-size:2rem;\"><i class=\"fas fa-check\"><\/i><\/div><div class=\"w-iconbox-meta\"><\/div><\/div><div class=\"wpb_text_column fx_custom_30efc315 has_text_color\"><div class=\"wpb_wrapper\"><p>Audit<\/p>\n<p>Eine erste \u00dcberpr\u00fcfung wird durchgef\u00fchrt, um festzustellen, wo sich die Google-Website f\u00fcr bestimmte Keywords befindet, die f\u00fcr sie relevant sind. Dar\u00fcber hinaus werden Geschwindigkeit und Struktur der Website \u00fcberpr\u00fcft, bevor Ma\u00dfnahmen von uns ergriffen werden. Zu diesem Zeitpunkt werden potenzielle Probleme identifiziert, die sich auf den organischen Verkehr und die Platzierungen in Suchmaschinen auswirken.<\/p>\n<\/div><\/div><\/div><\/div><\/div><div class=\"wpb_column vc_column_container erp-flexibility-box-wrapper\"><div class=\"vc_column-inner\"><div class=\"w-vwrapper fx_custom_9194345c erp-flexibility-box align_center valign_top\"><div class=\"w-iconbox fx_custom_3b00ca81 has_text_color iconpos_top style_default color_primary align_center no_title no_text\"><div class=\"w-iconbox-icon\" style=\"font-size:2rem;\"><i class=\"fas fa-check\"><\/i><\/div><div class=\"w-iconbox-meta\"><\/div><\/div><div class=\"wpb_text_column fx_custom_30efc315 has_text_color\"><div class=\"wpb_wrapper\"><p>1st Report<\/p>\n<p>Sobald das Audit abgeschlossen ist, erhalten Sie den ersten Bericht, damit wir den Zustand der Website kennen, bevor wir Optimierungsma\u00dfnahmen ergreifen. Der erste Bericht ist erforderlich, um eine Vergleichsma\u00dfnahme mit dem Abschluss der Optimierung sowie die Kontrolle \u00fcber die Erreichung der urspr\u00fcnglichen Ziele zu haben.<\/p>\n<\/div><\/div><\/div><\/div><\/div><\/div><div class=\"g-cols wpb_row fx_custom_2ae65f69 erp-flexibility-subsection via_grid cols_2 laptops-cols_inherit tablets-cols_inherit mobiles-cols_1 valign_top type_default stacking_default\" style=\"grid-gap:15px;\"><div class=\"wpb_column vc_column_container erp-flexibility-box-wrapper\"><div class=\"vc_column-inner\"><div class=\"w-vwrapper fx_custom_9194345c erp-flexibility-box align_center valign_top\"><div class=\"w-iconbox fx_custom_3b00ca81 has_text_color iconpos_top style_default color_primary align_center no_title no_text\"><div class=\"w-iconbox-icon\" style=\"font-size:2rem;\"><i class=\"fas fa-check\"><\/i><\/div><div class=\"w-iconbox-meta\"><\/div><\/div><div class=\"wpb_text_column fx_custom_30efc315 has_text_color\"><div class=\"wpb_wrapper\"><p>Research<\/p>\n<p>Nachdem Sie das erforderliche Feedback von Ihnen zu den Produkten oder Dienstleistungen erhalten haben, f\u00fcr die Sie werben m\u00f6chten, f\u00fchren wir Recherchen auf der Grundlage eines bestimmten Programms durch, um zu ermitteln, mit welchen spezifischen Keywords und Phrasen wir unsere SEO-Strategie begr\u00fcnden. Dar\u00fcber hinaus werden die Ranking-Positionen konkurrierender Websites untersucht, um ihre St\u00e4rken und Schw\u00e4chen zu ermitteln, mit dem Ziel, sie so weit wie m\u00f6glich von den hohen Positionen in Google zu entfernen.<\/p>\n<\/div><\/div><\/div><\/div><\/div><div class=\"wpb_column vc_column_container erp-flexibility-box-wrapper\"><div class=\"vc_column-inner\"><div class=\"w-vwrapper fx_custom_9194345c erp-flexibility-box align_center valign_top\"><div class=\"w-iconbox fx_custom_3b00ca81 has_text_color iconpos_top style_default color_primary align_center no_title no_text\"><div class=\"w-iconbox-icon\" style=\"font-size:2rem;\"><i class=\"fas fa-check\"><\/i><\/div><div class=\"w-iconbox-meta\"><\/div><\/div><div class=\"wpb_text_column fx_custom_30efc315 has_text_color\"><div class=\"wpb_wrapper\"><p>Report<\/p>\n<p>Wenn die erforderlichen On-Site- und Off-Site-Techniken angewendet werden, wird Ihnen der erste Bericht zugesandt, um den Fortschritt und die Eroberung der Begierden hoher Positionen festzustellen! Sie werden mit monatlichen Berichten \u00fcber die Entwicklung der Keywords informiert und die Strategie wird dynamisch angepasst, um das bestm\u00f6gliche Ergebnis zu erzielen.<\/p>\n<\/div><\/div><\/div><\/div><\/div><\/div><\/div><\/div><\/div><\/div><\/section>","protected":false},"excerpt":{"rendered":"\u03a4\u03b9 \u03b5\u03af\u03bd\u03b1\u03b9 \u03c4\u03bf SEO? \u03a4\u03bf SEO (Search Engine Optimization) \u03b1\u03c6\u03bf\u03c1\u03ac \u03cc\u03bb\u03b5\u03c2 \u03c4\u03b9\u03c2 \u03b5\u03bd\u03ad\u03c1\u03b3\u03b5\u03b9\u03b5\u03c2 \u03c0\u03bf\u03c5 \u03b3\u03af\u03bd\u03bf\u03bd\u03c4\u03b1\u03b9 \u03c3\u03b5 \u03bc\u03b9\u03b1 \u03b9\u03c3\u03c4\u03bf\u03c3\u03b5\u03bb\u03af\u03b4\u03b1 \u03ce\u03c3\u03c4\u03b5 \u03bd\u03b1 \u03ba\u03b1\u03c4\u03b1\u03ba\u03c4\u03ac \u03c5\u03c8\u03b7\u03bb\u03ad\u03c2 \u03b8\u03ad\u03c3\u03b5\u03b9\u03c2 \u03c3\u03c4\u03b1 \u03bf\u03c1\u03b3\u03b1\u03bd\u03b9\u03ba\u03ac \u03b1\u03c0\u03bf\u03c4\u03b5\u03bb\u03ad\u03c3\u03bc\u03b1\u03c4\u03b1 \u03c4\u03c9\u03bd \u03bc\u03b7\u03c7\u03b1\u03bd\u03ce\u03bd \u03b1\u03bd\u03b1\u03b6\u03ae\u03c4\u03b7\u03c3\u03b7\u03c2. \u03a0\u03c1\u03cc\u03ba\u03b5\u03b9\u03c4\u03b1\u03b9 \u03b4\u03b7\u03bb\u03b1\u03b4\u03ae \u03b3\u03b9\u03b1 \u03c4\u03b7 \u03b2\u03b5\u03bb\u03c4\u03b9\u03c3\u03c4\u03bf\u03c0\u03bf\u03af\u03b7\u03c3\u03b7 \u03c4\u03b7\u03c2 \u03b9\u03c3\u03c4\u03bf\u03c3\u03b5\u03bb\u03af\u03b4\u03b1\u03c2 \u03c9\u03c2 \u03c0\u03c1\u03bf\u03c2 \u03c4\u03bf \u03c0\u03b5\u03c1\u03b9\u03b5\u03c7\u03cc\u03bc\u03b5\u03bd\u03bf \u03ba\u03b1\u03b9 \u03c4\u03b7 \u03b4\u03bf\u03bc\u03ae \u03c4\u03b7\u03c2. \u039c\u03b5 \u03c4\u03b9\u03c2 \u03ba\u03b1\u03c4\u03ac\u03bb\u03bb\u03b7\u03bb\u03b5\u03c2 \u03b5\u03bd\u03ad\u03c1\u03b3\u03b5\u03b9\u03b5\u03c2 \u03b8\u03b1 \u03b1\u03c5\u03be\u03b7\u03b8\u03b5\u03af \u03b7 \u03b5\u03c0\u03b9\u03c3\u03ba\u03b5\u03c8\u03b9\u03bc\u03cc\u03c4\u03b7\u03c4\u03b1 \u03c3\u03c4\u03b7\u03bd \u03b9\u03c3\u03c4\u03bf\u03c3\u03b5\u03bb\u03af\u03b4\u03b1 \u03c3\u03b1\u03c2...","protected":false},"author":1,"featured_media":0,"parent":0,"menu_order":0,"comment_status":"closed","ping_status":"closed","template":"","meta":{"_acf_changed":false,"inline_featured_image":false,"footnotes":""},"class_list":["post-1400","page","type-page","status-publish","hentry"],"acf":[],"yoast_head":"<!-- This site is optimized with the Yoast SEO plugin v27.4 - https:\/\/yoast.com\/product\/yoast-seo-wordpress\/ -->\n<title>SEO - Fixit<\/title>\n<meta name=\"description\" content=\"\u03a4\u03bf SEO (Search Engine Optimization) \u03b1\u03c6\u03bf\u03c1\u03ac \u03cc\u03bb\u03b5\u03c2 \u03c4\u03b9\u03c2 \u03b5\u03bd\u03ad\u03c1\u03b3\u03b5\u03b9\u03b5\u03c2 \u03c0\u03bf\u03c5 \u03b3\u03af\u03bd\u03bf\u03bd\u03c4\u03b1\u03b9 \u03c3\u03b5 \u03bc\u03b9\u03b1 \u03b9\u03c3\u03c4\u03bf\u03c3\u03b5\u03bb\u03af\u03b4\u03b1 \u03ce\u03c3\u03c4\u03b5 \u03bd\u03b1 \u03ba\u03b1\u03c4\u03b1\u03ba\u03c4\u03ac \u03c5\u03c8\u03b7\u03bb\u03ad\u03c2 \u03b8\u03ad\u03c3\u03b5\u03b9\u03c2...\" \/>\n<meta name=\"robots\" content=\"index, follow, max-snippet:-1, max-image-preview:large, max-video-preview:-1\" \/>\n<link rel=\"canonical\" href=\"https:\/\/www.fixit.gr\/de\/seo\/\" \/>\n<meta property=\"og:locale\" content=\"de_DE\" \/>\n<meta property=\"og:type\" content=\"article\" \/>\n<meta property=\"og:title\" content=\"SEO - Fixit\" \/>\n<meta property=\"og:description\" content=\"\u03a4\u03bf SEO (Search Engine Optimization) \u03b1\u03c6\u03bf\u03c1\u03ac \u03cc\u03bb\u03b5\u03c2 \u03c4\u03b9\u03c2 \u03b5\u03bd\u03ad\u03c1\u03b3\u03b5\u03b9\u03b5\u03c2 \u03c0\u03bf\u03c5 \u03b3\u03af\u03bd\u03bf\u03bd\u03c4\u03b1\u03b9 \u03c3\u03b5 \u03bc\u03b9\u03b1 \u03b9\u03c3\u03c4\u03bf\u03c3\u03b5\u03bb\u03af\u03b4\u03b1 \u03ce\u03c3\u03c4\u03b5 \u03bd\u03b1 \u03ba\u03b1\u03c4\u03b1\u03ba\u03c4\u03ac \u03c5\u03c8\u03b7\u03bb\u03ad\u03c2 \u03b8\u03ad\u03c3\u03b5\u03b9\u03c2...\" \/>\n<meta property=\"og:url\" content=\"https:\/\/www.fixit.gr\/de\/seo\/\" \/>\n<meta property=\"og:site_name\" content=\"Fixit\" \/>\n<meta property=\"article:publisher\" content=\"https:\/\/www.facebook.com\/Fixit.el\/\" \/>\n<meta property=\"article:modified_time\" content=\"2025-12-18T13:00:29+00:00\" \/>\n<meta name=\"twitter:card\" content=\"summary_large_image\" \/>\n<meta name=\"twitter:label1\" content=\"Gesch\u00e4tzte Lesezeit\" \/>\n\t<meta name=\"twitter:data1\" content=\"3\u00a0Minuten\" \/>\n<script type=\"application\/ld+json\" class=\"yoast-schema-graph\">{\"@context\":\"https:\\\/\\\/schema.org\",\"@graph\":[{\"@type\":\"WebPage\",\"@id\":\"https:\\\/\\\/www.fixit.gr\\\/seo\",\"url\":\"https:\\\/\\\/www.fixit.gr\\\/seo\",\"name\":\"SEO - Fixit\",\"isPartOf\":{\"@id\":\"https:\\\/\\\/www.fixit.gr\\\/#website\"},\"datePublished\":\"2020-09-12T15:14:42+00:00\",\"dateModified\":\"2025-12-18T13:00:29+00:00\",\"description\":\"\u03a4\u03bf SEO (Search Engine Optimization) \u03b1\u03c6\u03bf\u03c1\u03ac \u03cc\u03bb\u03b5\u03c2 \u03c4\u03b9\u03c2 \u03b5\u03bd\u03ad\u03c1\u03b3\u03b5\u03b9\u03b5\u03c2 \u03c0\u03bf\u03c5 \u03b3\u03af\u03bd\u03bf\u03bd\u03c4\u03b1\u03b9 \u03c3\u03b5 \u03bc\u03b9\u03b1 \u03b9\u03c3\u03c4\u03bf\u03c3\u03b5\u03bb\u03af\u03b4\u03b1 \u03ce\u03c3\u03c4\u03b5 \u03bd\u03b1 \u03ba\u03b1\u03c4\u03b1\u03ba\u03c4\u03ac \u03c5\u03c8\u03b7\u03bb\u03ad\u03c2 \u03b8\u03ad\u03c3\u03b5\u03b9\u03c2...\",\"inLanguage\":\"de\",\"potentialAction\":[{\"@type\":\"ReadAction\",\"target\":[\"https:\\\/\\\/www.fixit.gr\\\/seo\"]}]},{\"@type\":\"WebSite\",\"@id\":\"https:\\\/\\\/www.fixit.gr\\\/#website\",\"url\":\"https:\\\/\\\/www.fixit.gr\\\/\",\"name\":\"Fixit\",\"description\":\"\u0394\u03b7\u03bc\u03b9\u03bf\u03c5\u03c1\u03b3\u03af\u03b1 eCommerce Web Sites\",\"publisher\":{\"@id\":\"https:\\\/\\\/www.fixit.gr\\\/#organization\"},\"potentialAction\":[{\"@type\":\"SearchAction\",\"target\":{\"@type\":\"EntryPoint\",\"urlTemplate\":\"https:\\\/\\\/www.fixit.gr\\\/?s={search_term_string}\"},\"query-input\":{\"@type\":\"PropertyValueSpecification\",\"valueRequired\":true,\"valueName\":\"search_term_string\"}}],\"inLanguage\":\"de\"},{\"@type\":\"Organization\",\"@id\":\"https:\\\/\\\/www.fixit.gr\\\/#organization\",\"name\":\"Fixit\",\"url\":\"https:\\\/\\\/www.fixit.gr\\\/\",\"logo\":{\"@type\":\"ImageObject\",\"inLanguage\":\"de\",\"@id\":\"https:\\\/\\\/www.fixit.gr\\\/#\\\/schema\\\/logo\\\/image\\\/\",\"url\":\"https:\\\/\\\/www.fixit.gr\\\/wp-content\\\/uploads\\\/2022\\\/07\\\/fixit_logo_site-min.png\",\"contentUrl\":\"https:\\\/\\\/www.fixit.gr\\\/wp-content\\\/uploads\\\/2022\\\/07\\\/fixit_logo_site-min.png\",\"width\":801,\"height\":179,\"caption\":\"Fixit\"},\"image\":{\"@id\":\"https:\\\/\\\/www.fixit.gr\\\/#\\\/schema\\\/logo\\\/image\\\/\"},\"sameAs\":[\"https:\\\/\\\/www.facebook.com\\\/Fixit.el\\\/\"]}]}<\/script>\n<!-- \/ Yoast SEO plugin. -->","yoast_head_json":{"title":"SEO - Fixit","description":"\u03a4\u03bf SEO (Search Engine Optimization) \u03b1\u03c6\u03bf\u03c1\u03ac \u03cc\u03bb\u03b5\u03c2 \u03c4\u03b9\u03c2 \u03b5\u03bd\u03ad\u03c1\u03b3\u03b5\u03b9\u03b5\u03c2 \u03c0\u03bf\u03c5 \u03b3\u03af\u03bd\u03bf\u03bd\u03c4\u03b1\u03b9 \u03c3\u03b5 \u03bc\u03b9\u03b1 \u03b9\u03c3\u03c4\u03bf\u03c3\u03b5\u03bb\u03af\u03b4\u03b1 \u03ce\u03c3\u03c4\u03b5 \u03bd\u03b1 \u03ba\u03b1\u03c4\u03b1\u03ba\u03c4\u03ac \u03c5\u03c8\u03b7\u03bb\u03ad\u03c2 \u03b8\u03ad\u03c3\u03b5\u03b9\u03c2...","robots":{"index":"index","follow":"follow","max-snippet":"max-snippet:-1","max-image-preview":"max-image-preview:large","max-video-preview":"max-video-preview:-1"},"canonical":"https:\/\/www.fixit.gr\/de\/seo\/","og_locale":"de_DE","og_type":"article","og_title":"SEO - Fixit","og_description":"\u03a4\u03bf SEO (Search Engine Optimization) \u03b1\u03c6\u03bf\u03c1\u03ac \u03cc\u03bb\u03b5\u03c2 \u03c4\u03b9\u03c2 \u03b5\u03bd\u03ad\u03c1\u03b3\u03b5\u03b9\u03b5\u03c2 \u03c0\u03bf\u03c5 \u03b3\u03af\u03bd\u03bf\u03bd\u03c4\u03b1\u03b9 \u03c3\u03b5 \u03bc\u03b9\u03b1 \u03b9\u03c3\u03c4\u03bf\u03c3\u03b5\u03bb\u03af\u03b4\u03b1 \u03ce\u03c3\u03c4\u03b5 \u03bd\u03b1 \u03ba\u03b1\u03c4\u03b1\u03ba\u03c4\u03ac \u03c5\u03c8\u03b7\u03bb\u03ad\u03c2 \u03b8\u03ad\u03c3\u03b5\u03b9\u03c2...","og_url":"https:\/\/www.fixit.gr\/de\/seo\/","og_site_name":"Fixit","article_publisher":"https:\/\/www.facebook.com\/Fixit.el\/","article_modified_time":"2025-12-18T13:00:29+00:00","twitter_card":"summary_large_image","twitter_misc":{"Gesch\u00e4tzte Lesezeit":"3\u00a0Minuten"},"schema":{"@context":"https:\/\/schema.org","@graph":[{"@type":"WebPage","@id":"https:\/\/www.fixit.gr\/seo","url":"https:\/\/www.fixit.gr\/seo","name":"SEO - Fixit","isPartOf":{"@id":"https:\/\/www.fixit.gr\/#website"},"datePublished":"2020-09-12T15:14:42+00:00","dateModified":"2025-12-18T13:00:29+00:00","description":"\u03a4\u03bf SEO (Search Engine Optimization) \u03b1\u03c6\u03bf\u03c1\u03ac \u03cc\u03bb\u03b5\u03c2 \u03c4\u03b9\u03c2 \u03b5\u03bd\u03ad\u03c1\u03b3\u03b5\u03b9\u03b5\u03c2 \u03c0\u03bf\u03c5 \u03b3\u03af\u03bd\u03bf\u03bd\u03c4\u03b1\u03b9 \u03c3\u03b5 \u03bc\u03b9\u03b1 \u03b9\u03c3\u03c4\u03bf\u03c3\u03b5\u03bb\u03af\u03b4\u03b1 \u03ce\u03c3\u03c4\u03b5 \u03bd\u03b1 \u03ba\u03b1\u03c4\u03b1\u03ba\u03c4\u03ac \u03c5\u03c8\u03b7\u03bb\u03ad\u03c2 \u03b8\u03ad\u03c3\u03b5\u03b9\u03c2...","inLanguage":"de","potentialAction":[{"@type":"ReadAction","target":["https:\/\/www.fixit.gr\/seo"]}]},{"@type":"WebSite","@id":"https:\/\/www.fixit.gr\/#website","url":"https:\/\/www.fixit.gr\/","name":"Fixit","description":"\u0394\u03b7\u03bc\u03b9\u03bf\u03c5\u03c1\u03b3\u03af\u03b1 eCommerce Web Sites","publisher":{"@id":"https:\/\/www.fixit.gr\/#organization"},"potentialAction":[{"@type":"SearchAction","target":{"@type":"EntryPoint","urlTemplate":"https:\/\/www.fixit.gr\/?s={search_term_string}"},"query-input":{"@type":"PropertyValueSpecification","valueRequired":true,"valueName":"search_term_string"}}],"inLanguage":"de"},{"@type":"Organization","@id":"https:\/\/www.fixit.gr\/#organization","name":"Fixit","url":"https:\/\/www.fixit.gr\/","logo":{"@type":"ImageObject","inLanguage":"de","@id":"https:\/\/www.fixit.gr\/#\/schema\/logo\/image\/","url":"https:\/\/www.fixit.gr\/wp-content\/uploads\/2022\/07\/fixit_logo_site-min.png","contentUrl":"https:\/\/www.fixit.gr\/wp-content\/uploads\/2022\/07\/fixit_logo_site-min.png","width":801,"height":179,"caption":"Fixit"},"image":{"@id":"https:\/\/www.fixit.gr\/#\/schema\/logo\/image\/"},"sameAs":["https:\/\/www.facebook.com\/Fixit.el\/"]}]}},"amp_enabled":true,"_links":{"self":[{"href":"https:\/\/www.fixit.gr\/de\/wp-json\/wp\/v2\/pages\/1400","targetHints":{"allow":["GET"]}}],"collection":[{"href":"https:\/\/www.fixit.gr\/de\/wp-json\/wp\/v2\/pages"}],"about":[{"href":"https:\/\/www.fixit.gr\/de\/wp-json\/wp\/v2\/types\/page"}],"author":[{"embeddable":true,"href":"https:\/\/www.fixit.gr\/de\/wp-json\/wp\/v2\/users\/1"}],"replies":[{"embeddable":true,"href":"https:\/\/www.fixit.gr\/de\/wp-json\/wp\/v2\/comments?post=1400"}],"version-history":[{"count":16,"href":"https:\/\/www.fixit.gr\/de\/wp-json\/wp\/v2\/pages\/1400\/revisions"}],"predecessor-version":[{"id":16117,"href":"https:\/\/www.fixit.gr\/de\/wp-json\/wp\/v2\/pages\/1400\/revisions\/16117"}],"wp:attachment":[{"href":"https:\/\/www.fixit.gr\/de\/wp-json\/wp\/v2\/media?parent=1400"}],"curies":[{"name":"wp","href":"https:\/\/api.w.org\/{rel}","templated":true}]}}