{"id":1423,"date":"2020-09-12T18:04:56","date_gmt":"2020-09-12T16:04:56","guid":{"rendered":"https:\/\/www.fixit.gr\/?page_id=1423"},"modified":"2025-12-18T15:03:06","modified_gmt":"2025-12-18T13:03:06","slug":"social-media-ads","status":"publish","type":"page","link":"https:\/\/www.fixit.gr\/de\/social-media-ads","title":{"rendered":"Social Media Marketing"},"content":{"rendered":"<section class=\"l-section wpb_row erp-connection-section height_medium\"><div class=\"l-section-h i-cf\"><div class=\"g-cols vc_row via_grid cols_1 laptops-cols_inherit tablets-cols_inherit mobiles-cols_1 valign_top type_default stacking_default\"><div class=\"wpb_column vc_column_container\"><div class=\"vc_column-inner\"><div class=\"w-vwrapper erp-connection-hero align_none valign_top\"><div class=\"wpb_text_column fx_custom_b93d6a2e has_text_color\"><div class=\"wpb_wrapper\"><h1>Starke soziale Pr\u00e4senz<\/h1>\n<\/div><\/div><div class=\"wpb_text_column fx_custom_66267070 has_text_color\"><div class=\"wpb_wrapper\"><p>Social Media-Werbung ist eine gute Wahl f\u00fcr Sie, die Ihrem Publikum n\u00e4her kommen und Ihre Ziele erreichen m\u00f6chten.<\/p>\n<p>Weltweit unterhalten mehr als 3,81 Milliarden Benutzer aktive Konten auf ungef\u00e4hr 8 Social-Networking-Plattformen. Dies zeigt, wie wichtig es ist, dort pr\u00e4sent zu sein, wo Ihre Kunden sind!<\/p>\n<p>Sobald die entsprechenden Ziele f\u00fcr Ihre Marke festgelegt sind, formulieren wir die Social-Media-Werbestrategie, die perfekt auf Ihre Bed\u00fcrfnisse zugeschnitten ist. Wir w\u00e4hlen die ideale Kombination aus den f\u00fcnf wichtigsten sozialen Netzwerken Facebook, Instagram, Linkedin, Twitter und Pinterest und sprechen mit der richtigen Orientierung Ihre potenziellen Kunden an.<\/p>\n<p>Die von Social Media bereitgestellten Targeting-Funktionen (basierend auf Interessen, Geografie usw.) in Kombination mit dem einzigartigen Grafikdesign und dem attraktiven Copywriting senden die richtige Nachricht an den richtigen Empf\u00e4nger.<\/p>\n<p>Alle Kampagnen sind perfekt messbar und dynamisch. Dies bedeutet, dass wir uns sofort an die Bed\u00fcrfnisse anpassen, um die von uns gesetzten Ziele zu erreichen.<\/p>\n<p>Lernen Sie die effektiven Social-Media-Anzeigen von Fixit kennen!<\/p>\n<p>Social Media-Werbung ist eine gute Wahl f\u00fcr Sie, die Ihrem Publikum n\u00e4her kommen und Ihre Ziele erreichen m\u00f6chten.<\/p>\n<p>Weltweit unterhalten mehr als 3,81 Milliarden Benutzer aktive Konten auf ungef\u00e4hr 8 Social-Networking-Plattformen. Dies zeigt, wie wichtig es ist, dort pr\u00e4sent zu sein, wo Ihre Kunden sind!<\/p>\n<p>Sobald die entsprechenden Ziele f\u00fcr Ihre Marke festgelegt sind, formulieren wir die Social-Media-Werbestrategie, die perfekt auf Ihre Bed\u00fcrfnisse zugeschnitten ist. Wir w\u00e4hlen die ideale Kombination aus den f\u00fcnf wichtigsten sozialen Netzwerken Facebook, Instagram, Linkedin, Twitter und Pinterest und sprechen mit der richtigen Orientierung Ihre potenziellen Kunden an.<\/p>\n<p>Die von Social Media bereitgestellten Targeting-Funktionen (basierend auf Interessen, Geografie usw.) in Kombination mit dem einzigartigen Grafikdesign und dem attraktiven Copywriting senden die richtige Nachricht an den richtigen Empf\u00e4nger.<\/p>\n<p>Alle Kampagnen sind perfekt messbar und dynamisch. Dies bedeutet, dass wir uns sofort an die Bed\u00fcrfnisse anpassen, um die von uns gesetzten Ziele zu erreichen.<\/p>\n<p>Lernen Sie die effektiven Social-Media-Anzeigen von Fixit kennen!<\/p>\n<\/div><\/div><div class=\"w-image fx_custom_9e2f174f align_none\"><div class=\"w-image-h\"><img loading=\"lazy\" decoding=\"async\" width=\"755\" height=\"755\" src=\"https:\/\/www.fixit.gr\/wp-content\/uploads\/Ellipse-15-1.png\" class=\"attachment-large size-large\" alt=\"\" srcset=\"https:\/\/www.fixit.gr\/wp-content\/uploads\/Ellipse-15-1.png 755w, https:\/\/www.fixit.gr\/wp-content\/uploads\/Ellipse-15-1-300x300.png 300w, https:\/\/www.fixit.gr\/wp-content\/uploads\/Ellipse-15-1-150x150.png 150w, https:\/\/www.fixit.gr\/wp-content\/uploads\/Ellipse-15-1-12x12.png 12w, https:\/\/www.fixit.gr\/wp-content\/uploads\/Ellipse-15-1-64x64.png 64w\" sizes=\"auto, (max-width: 755px) 100vw, 755px\" \/><\/div><\/div><\/div><\/div><\/div><\/div><\/div><\/section>","protected":false},"excerpt":{"rendered":"Strong social presence \u0397 \u03b4\u03b9\u03b1\u03c6\u03ae\u03bc\u03b9\u03c3\u03b7 \u03c3\u03c4\u03b1 social media \u03b1\u03c0\u03bf\u03c4\u03b5\u03bb\u03b5\u03af \u03bc\u03b9\u03b1 \u03b5\u03be\u03b1\u03b9\u03c1\u03b5\u03c4\u03b9\u03ba\u03ae \u03b5\u03c0\u03b9\u03bb\u03bf\u03b3\u03ae \u03b3\u03b9\u03b1 \u03b5\u03c3\u03ac\u03c2 \u03c0\u03bf\u03c5 \u03b8\u03ad\u03bb\u03b5\u03c4\u03b5 \u03bd\u03b1 \u03ad\u03c1\u03b8\u03b5\u03c4\u03b5 \u03c0\u03b9\u03bf \u03ba\u03bf\u03bd\u03c4\u03ac \u03bc\u03b5 \u03c4\u03bf \u03ba\u03bf\u03b9\u03bd\u03cc \u03c3\u03b1\u03c2 \u03ba\u03b1\u03b9 \u03bd\u03b1 \u03c0\u03b5\u03c4\u03cd\u03c7\u03b5\u03c4\u03b5 \u03c4\u03bf\u03c5\u03c2 \u03c3\u03c4\u03cc\u03c7\u03bf\u03c5\u03c2 \u03c3\u03b1\u03c2. \u03a0\u03ac\u03bd\u03c9 \u03b1\u03c0\u03cc 3.81 \u03b4\u03b9\u03c3\u03b5\u03ba\u03b1\u03c4\u03bf\u03bc\u03bc\u03cd\u03c1\u03b9\u03b1 \u03c7\u03c1\u03ae\u03c3\u03c4\u03b5\u03c2 \u03c0\u03b1\u03b3\u03ba\u03bf\u03c3\u03bc\u03af\u03c9\u03c2 \u03b4\u03b9\u03b1\u03c4\u03b7\u03c1\u03bf\u03cd\u03bd \u03b5\u03bd\u03b5\u03c1\u03b3\u03bf\u03cd\u03c2 \u03bb\u03bf\u03b3\u03b1\u03c1\u03b9\u03b1\u03c3\u03bc\u03bf\u03cd\u03c2 \u03c3\u03b5 \u03c0\u03b5\u03c1\u03af\u03c0\u03bf\u03c5 8 \u03c0\u03bb\u03b1\u03c4\u03c6\u03cc\u03c1\u03bc\u03b5\u03c2 \u03ba\u03bf\u03b9\u03bd\u03c9\u03bd\u03b9\u03ba\u03ae\u03c2 \u03b4\u03b9\u03ba\u03c4\u03cd\u03c9\u03c3\u03b7\u03c2. \u0391\u03c5\u03c4\u03cc \u03b4\u03b5\u03af\u03c7\u03bd\u03b5\u03b9 \u03c0\u03cc\u03c3\u03bf \u03c3\u03b7\u03bc\u03b1\u03bd\u03c4\u03b9\u03ba\u03cc \u03b5\u03af\u03bd\u03b1\u03b9 \u03bd\u03b1 \u03ad\u03c7\u03b5\u03c4\u03b5 \u03c0\u03b1\u03c1\u03bf\u03c5\u03c3\u03af\u03b1 \u03b5\u03ba\u03b5\u03af \u03c0\u03bf\u03c5...","protected":false},"author":1,"featured_media":0,"parent":0,"menu_order":0,"comment_status":"closed","ping_status":"closed","template":"","meta":{"_acf_changed":false,"inline_featured_image":false,"footnotes":""},"class_list":["post-1423","page","type-page","status-publish","hentry"],"acf":[],"yoast_head":"<!-- This site is optimized with the Yoast SEO plugin v27.3 - https:\/\/yoast.com\/product\/yoast-seo-wordpress\/ -->\n<title>Social Media Ads - Fixit<\/title>\n<meta name=\"description\" content=\"\u0397 \u03b4\u03b9\u03b1\u03c6\u03ae\u03bc\u03b9\u03c3\u03b7 \u03c3\u03c4\u03b1 social media \u03b1\u03c0\u03bf\u03c4\u03b5\u03bb\u03b5\u03af \u03bc\u03b9\u03b1 \u03b5\u03be\u03b1\u03b9\u03c1\u03b5\u03c4\u03b9\u03ba\u03ae \u03b5\u03c0\u03b9\u03bb\u03bf\u03b3\u03ae \u03b3\u03b9\u03b1 \u03b5\u03c3\u03ac\u03c2 \u03c0\u03bf\u03c5 \u03b8\u03ad\u03bb\u03b5\u03c4\u03b5 \u03bd\u03b1 \u03ad\u03c1\u03b8\u03b5\u03c4\u03b5 \u03c0\u03b9\u03bf \u03ba\u03bf\u03bd\u03c4\u03ac \u03bc\u03b5 \u03c4\u03bf \u03ba\u03bf\u03b9\u03bd\u03cc \u03c3\u03b1\u03c2...\" \/>\n<meta name=\"robots\" content=\"index, follow, max-snippet:-1, max-image-preview:large, max-video-preview:-1\" \/>\n<link rel=\"canonical\" href=\"https:\/\/www.fixit.gr\/de\/social-media-ads\/\" \/>\n<meta property=\"og:locale\" content=\"de_DE\" \/>\n<meta property=\"og:type\" content=\"article\" \/>\n<meta property=\"og:title\" content=\"Social Media Ads - Fixit\" \/>\n<meta property=\"og:description\" content=\"\u0397 \u03b4\u03b9\u03b1\u03c6\u03ae\u03bc\u03b9\u03c3\u03b7 \u03c3\u03c4\u03b1 social media \u03b1\u03c0\u03bf\u03c4\u03b5\u03bb\u03b5\u03af \u03bc\u03b9\u03b1 \u03b5\u03be\u03b1\u03b9\u03c1\u03b5\u03c4\u03b9\u03ba\u03ae \u03b5\u03c0\u03b9\u03bb\u03bf\u03b3\u03ae \u03b3\u03b9\u03b1 \u03b5\u03c3\u03ac\u03c2 \u03c0\u03bf\u03c5 \u03b8\u03ad\u03bb\u03b5\u03c4\u03b5 \u03bd\u03b1 \u03ad\u03c1\u03b8\u03b5\u03c4\u03b5 \u03c0\u03b9\u03bf \u03ba\u03bf\u03bd\u03c4\u03ac \u03bc\u03b5 \u03c4\u03bf \u03ba\u03bf\u03b9\u03bd\u03cc \u03c3\u03b1\u03c2...\" \/>\n<meta property=\"og:url\" content=\"https:\/\/www.fixit.gr\/de\/social-media-ads\/\" \/>\n<meta property=\"og:site_name\" content=\"Fixit\" \/>\n<meta property=\"article:publisher\" content=\"https:\/\/www.facebook.com\/Fixit.el\/\" \/>\n<meta property=\"article:modified_time\" content=\"2025-12-18T13:03:06+00:00\" \/>\n<meta name=\"twitter:card\" content=\"summary_large_image\" \/>\n<meta name=\"twitter:label1\" content=\"Gesch\u00e4tzte Lesezeit\" \/>\n\t<meta name=\"twitter:data1\" content=\"3\u00a0Minuten\" \/>\n<script type=\"application\/ld+json\" class=\"yoast-schema-graph\">{\"@context\":\"https:\\\/\\\/schema.org\",\"@graph\":[{\"@type\":\"WebPage\",\"@id\":\"https:\\\/\\\/www.fixit.gr\\\/social-media-ads\",\"url\":\"https:\\\/\\\/www.fixit.gr\\\/social-media-ads\",\"name\":\"Social Media Ads - Fixit\",\"isPartOf\":{\"@id\":\"https:\\\/\\\/www.fixit.gr\\\/#website\"},\"datePublished\":\"2020-09-12T16:04:56+00:00\",\"dateModified\":\"2025-12-18T13:03:06+00:00\",\"description\":\"\u0397 \u03b4\u03b9\u03b1\u03c6\u03ae\u03bc\u03b9\u03c3\u03b7 \u03c3\u03c4\u03b1 social media \u03b1\u03c0\u03bf\u03c4\u03b5\u03bb\u03b5\u03af \u03bc\u03b9\u03b1 \u03b5\u03be\u03b1\u03b9\u03c1\u03b5\u03c4\u03b9\u03ba\u03ae \u03b5\u03c0\u03b9\u03bb\u03bf\u03b3\u03ae \u03b3\u03b9\u03b1 \u03b5\u03c3\u03ac\u03c2 \u03c0\u03bf\u03c5 \u03b8\u03ad\u03bb\u03b5\u03c4\u03b5 \u03bd\u03b1 \u03ad\u03c1\u03b8\u03b5\u03c4\u03b5 \u03c0\u03b9\u03bf \u03ba\u03bf\u03bd\u03c4\u03ac \u03bc\u03b5 \u03c4\u03bf \u03ba\u03bf\u03b9\u03bd\u03cc \u03c3\u03b1\u03c2...\",\"inLanguage\":\"de\",\"potentialAction\":[{\"@type\":\"ReadAction\",\"target\":[\"https:\\\/\\\/www.fixit.gr\\\/social-media-ads\"]}]},{\"@type\":\"WebSite\",\"@id\":\"https:\\\/\\\/www.fixit.gr\\\/#website\",\"url\":\"https:\\\/\\\/www.fixit.gr\\\/\",\"name\":\"Fixit\",\"description\":\"\u0394\u03b7\u03bc\u03b9\u03bf\u03c5\u03c1\u03b3\u03af\u03b1 eCommerce Web Sites\",\"publisher\":{\"@id\":\"https:\\\/\\\/www.fixit.gr\\\/#organization\"},\"potentialAction\":[{\"@type\":\"SearchAction\",\"target\":{\"@type\":\"EntryPoint\",\"urlTemplate\":\"https:\\\/\\\/www.fixit.gr\\\/?s={search_term_string}\"},\"query-input\":{\"@type\":\"PropertyValueSpecification\",\"valueRequired\":true,\"valueName\":\"search_term_string\"}}],\"inLanguage\":\"de\"},{\"@type\":\"Organization\",\"@id\":\"https:\\\/\\\/www.fixit.gr\\\/#organization\",\"name\":\"Fixit\",\"url\":\"https:\\\/\\\/www.fixit.gr\\\/\",\"logo\":{\"@type\":\"ImageObject\",\"inLanguage\":\"de\",\"@id\":\"https:\\\/\\\/www.fixit.gr\\\/#\\\/schema\\\/logo\\\/image\\\/\",\"url\":\"https:\\\/\\\/www.fixit.gr\\\/wp-content\\\/uploads\\\/2022\\\/07\\\/fixit_logo_site-min.png\",\"contentUrl\":\"https:\\\/\\\/www.fixit.gr\\\/wp-content\\\/uploads\\\/2022\\\/07\\\/fixit_logo_site-min.png\",\"width\":801,\"height\":179,\"caption\":\"Fixit\"},\"image\":{\"@id\":\"https:\\\/\\\/www.fixit.gr\\\/#\\\/schema\\\/logo\\\/image\\\/\"},\"sameAs\":[\"https:\\\/\\\/www.facebook.com\\\/Fixit.el\\\/\"]}]}<\/script>\n<!-- \/ Yoast SEO plugin. -->","yoast_head_json":{"title":"Social Media Ads - Fixit","description":"\u0397 \u03b4\u03b9\u03b1\u03c6\u03ae\u03bc\u03b9\u03c3\u03b7 \u03c3\u03c4\u03b1 social media \u03b1\u03c0\u03bf\u03c4\u03b5\u03bb\u03b5\u03af \u03bc\u03b9\u03b1 \u03b5\u03be\u03b1\u03b9\u03c1\u03b5\u03c4\u03b9\u03ba\u03ae \u03b5\u03c0\u03b9\u03bb\u03bf\u03b3\u03ae \u03b3\u03b9\u03b1 \u03b5\u03c3\u03ac\u03c2 \u03c0\u03bf\u03c5 \u03b8\u03ad\u03bb\u03b5\u03c4\u03b5 \u03bd\u03b1 \u03ad\u03c1\u03b8\u03b5\u03c4\u03b5 \u03c0\u03b9\u03bf \u03ba\u03bf\u03bd\u03c4\u03ac \u03bc\u03b5 \u03c4\u03bf \u03ba\u03bf\u03b9\u03bd\u03cc \u03c3\u03b1\u03c2...","robots":{"index":"index","follow":"follow","max-snippet":"max-snippet:-1","max-image-preview":"max-image-preview:large","max-video-preview":"max-video-preview:-1"},"canonical":"https:\/\/www.fixit.gr\/de\/social-media-ads\/","og_locale":"de_DE","og_type":"article","og_title":"Social Media Ads - Fixit","og_description":"\u0397 \u03b4\u03b9\u03b1\u03c6\u03ae\u03bc\u03b9\u03c3\u03b7 \u03c3\u03c4\u03b1 social media \u03b1\u03c0\u03bf\u03c4\u03b5\u03bb\u03b5\u03af \u03bc\u03b9\u03b1 \u03b5\u03be\u03b1\u03b9\u03c1\u03b5\u03c4\u03b9\u03ba\u03ae \u03b5\u03c0\u03b9\u03bb\u03bf\u03b3\u03ae \u03b3\u03b9\u03b1 \u03b5\u03c3\u03ac\u03c2 \u03c0\u03bf\u03c5 \u03b8\u03ad\u03bb\u03b5\u03c4\u03b5 \u03bd\u03b1 \u03ad\u03c1\u03b8\u03b5\u03c4\u03b5 \u03c0\u03b9\u03bf \u03ba\u03bf\u03bd\u03c4\u03ac \u03bc\u03b5 \u03c4\u03bf \u03ba\u03bf\u03b9\u03bd\u03cc \u03c3\u03b1\u03c2...","og_url":"https:\/\/www.fixit.gr\/de\/social-media-ads\/","og_site_name":"Fixit","article_publisher":"https:\/\/www.facebook.com\/Fixit.el\/","article_modified_time":"2025-12-18T13:03:06+00:00","twitter_card":"summary_large_image","twitter_misc":{"Gesch\u00e4tzte Lesezeit":"3\u00a0Minuten"},"schema":{"@context":"https:\/\/schema.org","@graph":[{"@type":"WebPage","@id":"https:\/\/www.fixit.gr\/social-media-ads","url":"https:\/\/www.fixit.gr\/social-media-ads","name":"Social Media Ads - Fixit","isPartOf":{"@id":"https:\/\/www.fixit.gr\/#website"},"datePublished":"2020-09-12T16:04:56+00:00","dateModified":"2025-12-18T13:03:06+00:00","description":"\u0397 \u03b4\u03b9\u03b1\u03c6\u03ae\u03bc\u03b9\u03c3\u03b7 \u03c3\u03c4\u03b1 social media \u03b1\u03c0\u03bf\u03c4\u03b5\u03bb\u03b5\u03af \u03bc\u03b9\u03b1 \u03b5\u03be\u03b1\u03b9\u03c1\u03b5\u03c4\u03b9\u03ba\u03ae \u03b5\u03c0\u03b9\u03bb\u03bf\u03b3\u03ae \u03b3\u03b9\u03b1 \u03b5\u03c3\u03ac\u03c2 \u03c0\u03bf\u03c5 \u03b8\u03ad\u03bb\u03b5\u03c4\u03b5 \u03bd\u03b1 \u03ad\u03c1\u03b8\u03b5\u03c4\u03b5 \u03c0\u03b9\u03bf \u03ba\u03bf\u03bd\u03c4\u03ac \u03bc\u03b5 \u03c4\u03bf \u03ba\u03bf\u03b9\u03bd\u03cc \u03c3\u03b1\u03c2...","inLanguage":"de","potentialAction":[{"@type":"ReadAction","target":["https:\/\/www.fixit.gr\/social-media-ads"]}]},{"@type":"WebSite","@id":"https:\/\/www.fixit.gr\/#website","url":"https:\/\/www.fixit.gr\/","name":"Fixit","description":"\u0394\u03b7\u03bc\u03b9\u03bf\u03c5\u03c1\u03b3\u03af\u03b1 eCommerce Web Sites","publisher":{"@id":"https:\/\/www.fixit.gr\/#organization"},"potentialAction":[{"@type":"SearchAction","target":{"@type":"EntryPoint","urlTemplate":"https:\/\/www.fixit.gr\/?s={search_term_string}"},"query-input":{"@type":"PropertyValueSpecification","valueRequired":true,"valueName":"search_term_string"}}],"inLanguage":"de"},{"@type":"Organization","@id":"https:\/\/www.fixit.gr\/#organization","name":"Fixit","url":"https:\/\/www.fixit.gr\/","logo":{"@type":"ImageObject","inLanguage":"de","@id":"https:\/\/www.fixit.gr\/#\/schema\/logo\/image\/","url":"https:\/\/www.fixit.gr\/wp-content\/uploads\/2022\/07\/fixit_logo_site-min.png","contentUrl":"https:\/\/www.fixit.gr\/wp-content\/uploads\/2022\/07\/fixit_logo_site-min.png","width":801,"height":179,"caption":"Fixit"},"image":{"@id":"https:\/\/www.fixit.gr\/#\/schema\/logo\/image\/"},"sameAs":["https:\/\/www.facebook.com\/Fixit.el\/"]}]}},"amp_enabled":true,"_links":{"self":[{"href":"https:\/\/www.fixit.gr\/de\/wp-json\/wp\/v2\/pages\/1423","targetHints":{"allow":["GET"]}}],"collection":[{"href":"https:\/\/www.fixit.gr\/de\/wp-json\/wp\/v2\/pages"}],"about":[{"href":"https:\/\/www.fixit.gr\/de\/wp-json\/wp\/v2\/types\/page"}],"author":[{"embeddable":true,"href":"https:\/\/www.fixit.gr\/de\/wp-json\/wp\/v2\/users\/1"}],"replies":[{"embeddable":true,"href":"https:\/\/www.fixit.gr\/de\/wp-json\/wp\/v2\/comments?post=1423"}],"version-history":[{"count":8,"href":"https:\/\/www.fixit.gr\/de\/wp-json\/wp\/v2\/pages\/1423\/revisions"}],"predecessor-version":[{"id":16119,"href":"https:\/\/www.fixit.gr\/de\/wp-json\/wp\/v2\/pages\/1423\/revisions\/16119"}],"wp:attachment":[{"href":"https:\/\/www.fixit.gr\/de\/wp-json\/wp\/v2\/media?parent=1423"}],"curies":[{"name":"wp","href":"https:\/\/api.w.org\/{rel}","templated":true}]}}