{"id":609,"date":"2020-03-23T17:42:08","date_gmt":"2020-03-23T15:42:08","guid":{"rendered":"https:\/\/www.fixit.gr\/?page_id=609"},"modified":"2025-12-18T16:04:56","modified_gmt":"2025-12-18T14:04:56","slug":"magento-ecommerce","status":"publish","type":"page","link":"https:\/\/www.fixit.gr\/de\/magento-ecommerce","title":{"rendered":"Magento E-Commerce"},"content":{"rendered":"<section class=\"l-section wpb_row erp-connection-section height_medium\"><div class=\"l-section-h i-cf\"><div class=\"g-cols vc_row via_grid cols_1 laptops-cols_inherit tablets-cols_inherit mobiles-cols_1 valign_top type_default stacking_default\"><div class=\"wpb_column vc_column_container\"><div class=\"vc_column-inner\"><div class=\"w-vwrapper erp-connection-hero align_none valign_top\"><div class=\"wpb_text_column fx_custom_b93d6a2e has_text_color\"><div class=\"wpb_wrapper\"><h1>Warum Magento?<\/h1>\n<\/div><\/div><div class=\"wpb_text_column fx_custom_66267070 has_text_color\"><div class=\"wpb_wrapper\"><h4>Magento ist weltweit die Nummer 1 unter den E-Commerce-Plattformen.<\/h4>\n<p>Es bietet unbegrenzte M\u00f6glichkeiten und eine sehr hohe Flexibilit\u00e4t, um aus einem einfachen Besucher einen Stammkunden zu machen. Das ist unser ultimatives Ziel!<\/p>\n<h4>Jeder vierte Online-Shop ist in Magento umgesetzt.<\/h4>\n<p>Mit leistungsstarken und flexiblen Funktionen bietet Magento alles, um Ihr Projekt bestm\u00f6glich umzusetzen. Es gibt so gut wie keine Limits. \nIhre Webseite l\u00e4sst sich mit unz\u00e4hligen Tools und Modulen erweitern und individuell an Ihre Bed\u00fcrfnisse und W\u00fcnsche anpassen. Marketingmanagement, Suchmaschinen- und Verzeichnisoptimierung inklusive!<\/p>\n<p>Magento Commerce Cloud wurde so konzipiert, dass es vollst\u00e4ndig anpassbar und mit Ihren Anforderungen verkn\u00fcpft ist und eine optimale Leistung bietet. Es stellt ein spezielles Paket von Backend- und Front-End-Umgebungen bereit, um Marketing- und Analysetechniken zu optimieren und das Optionsmanagement zu verbessern.<\/p>\n<p>Die Kombination all dieser Faktoren verbessert die Benutzererfahrung Ihres Online-Shops erheblich und wirkt sich positiv auf Umsatz und Kundenzufriedenheit aus.<\/p>\n<\/div><\/div><div class=\"w-image fx_custom_9e2f174f align_none\"><div class=\"w-image-h\"><img loading=\"lazy\" decoding=\"async\" width=\"755\" height=\"755\" src=\"https:\/\/www.fixit.gr\/wp-content\/uploads\/Ellipse-15-1.png\" class=\"attachment-large size-large\" alt=\"\" srcset=\"https:\/\/www.fixit.gr\/wp-content\/uploads\/Ellipse-15-1.png 755w, https:\/\/www.fixit.gr\/wp-content\/uploads\/Ellipse-15-1-300x300.png 300w, https:\/\/www.fixit.gr\/wp-content\/uploads\/Ellipse-15-1-150x150.png 150w, https:\/\/www.fixit.gr\/wp-content\/uploads\/Ellipse-15-1-12x12.png 12w, https:\/\/www.fixit.gr\/wp-content\/uploads\/Ellipse-15-1-64x64.png 64w\" sizes=\"auto, (max-width: 755px) 100vw, 755px\" \/><\/div><\/div><\/div><\/div><\/div><\/div><\/div><\/section><section class=\"l-section wpb_row fx_custom_20299700 height_medium width_full\"><div class=\"l-section-h i-cf\"><div class=\"g-cols vc_row via_grid cols_1 laptops-cols_inherit tablets-cols_inherit mobiles-cols_1 valign_top type_default stacking_default\"><div class=\"wpb_column vc_column_container cloud-hero-wrapper\"><div class=\"vc_column-inner\"><div class=\"w-html\"><div class=\"cloud-wrapper\">\n    <div class=\"cloud-inner\">\n        <div class=\"cloud\">\n            <div class=\"cloud-text\">Eine Komplettl\u00f6sung f\u00fcr Ihr Unternehmen<\/div>\n            <img decoding=\"async\" src=\"\/wp-content\/uploads\/Group-71.png\" alt=\"\">\n        <\/div>\n        <div class=\"cloud-description\">\n            <p>Magento bietet eine umfassende Palette von Tools, um alle Fragen bez\u00fcglich des Erscheinungsbilds und der Funktionalit\u00e4t Ihrer Website vollst\u00e4ndig abzudecken und Ihren Kunden ein exzellentes Einkaufserlebnis zu bieten. Dar\u00fcber hinaus wurde es basierend auf der SEO-Philosophie entwickelt, erstellt SEO-freundliche URLs, eine Google Sitemap, benutzerdefinierte Schl\u00fcsselw\u00f6rter und Meta-Beschreibungen, um es den Kunden leicht zu machen, Ihre Produkte online zu finden.<\/p>\n        <\/div>\n    <\/div>\n<\/div>\n<\/div><\/div><\/div><\/div><\/div><\/section><section class=\"l-section wpb_row fx_custom_7c7ffac9 height_medium\"><div class=\"l-section-h i-cf\"><div class=\"g-cols vc_row via_grid cols_1 laptops-cols_inherit tablets-cols_inherit mobiles-cols_1 valign_top type_default stacking_default\"><div class=\"wpb_column vc_column_container\"><div class=\"vc_column-inner\"><div class=\"g-cols wpb_row fx_custom_c1e8dcb4 via_grid cols_1 laptops-cols_inherit tablets-cols_inherit mobiles-cols_1 valign_top type_default stacking_default\"><div class=\"wpb_column vc_column_container\"><div class=\"vc_column-inner\"><h3 class=\"w-text fx_custom_e198bc31 has_text_color\"><span class=\"w-text-h\"><span class=\"w-text-value\">Die Vorteile von Magento<\/span><\/span><\/h3><\/div><\/div><\/div><div class=\"g-cols wpb_row fx_custom_a833bf3c erp-flexibility-subsection via_grid cols_2 laptops-cols_inherit tablets-cols_inherit mobiles-cols_1 valign_top type_default stacking_default\" style=\"grid-gap:15px;\"><div class=\"wpb_column vc_column_container erp-flexibility-box-wrapper\"><div class=\"vc_column-inner\"><div class=\"w-vwrapper fx_custom_9194345c erp-flexibility-box align_center valign_top\"><div class=\"w-iconbox fx_custom_3b00ca81 has_text_color iconpos_top style_default color_primary align_center no_title no_text\"><div class=\"w-iconbox-icon\" style=\"font-size:2rem;\"><i class=\"fas fa-check\"><\/i><\/div><div class=\"w-iconbox-meta\"><\/div><\/div><div class=\"wpb_text_column fx_custom_30efc315 has_text_color\"><div class=\"wpb_wrapper\"><p style=\"text-align: center;\"><strong>Es passt sich zu 100% den Bed\u00fcrfnissen jedes Unternehmens an.<\/strong><\/p>\n<p style=\"text-align: center;\"><strong>Absolut benutzerfreundlich und funktional. Es st\u00e4rkt das SEO.<\/strong><\/p>\n<\/div><\/div><\/div><\/div><\/div><div class=\"wpb_column vc_column_container erp-flexibility-box-wrapper\"><div class=\"vc_column-inner\"><div class=\"w-vwrapper fx_custom_9194345c erp-flexibility-box align_center valign_top\"><div class=\"w-iconbox fx_custom_3b00ca81 has_text_color iconpos_top style_default color_primary align_center no_title no_text\"><div class=\"w-iconbox-icon\" style=\"font-size:2rem;\"><i class=\"fas fa-check\"><\/i><\/div><div class=\"w-iconbox-meta\"><\/div><\/div><div class=\"wpb_text_column fx_custom_30efc315 has_text_color\"><div class=\"wpb_wrapper\"><p style=\"text-align: center;\"><strong>\u00c4u\u00dferst benutzerfreundlich und mit Google kompatibel.<\/strong><\/p>\n<p style=\"text-align: center;\"><strong>Es optimiert und steigert die Verk\u00e4ufe.<\/strong><\/p>\n<\/div><\/div><\/div><\/div><\/div><\/div><div class=\"g-cols wpb_row erp-flexibility-subsection via_grid cols_2 laptops-cols_inherit tablets-cols_inherit mobiles-cols_1 valign_top type_default stacking_default\" style=\"grid-gap:15px;\"><div class=\"wpb_column vc_column_container erp-flexibility-box-wrapper\"><div class=\"vc_column-inner\"><div class=\"w-vwrapper fx_custom_9194345c erp-flexibility-box align_center valign_top\"><div class=\"w-iconbox fx_custom_3b00ca81 has_text_color iconpos_top style_default color_primary align_center no_title no_text\"><div class=\"w-iconbox-icon\" style=\"font-size:2rem;\"><i class=\"fas fa-check\"><\/i><\/div><div class=\"w-iconbox-meta\"><\/div><\/div><div class=\"wpb_text_column fx_custom_30efc315 has_text_color\"><div class=\"wpb_wrapper\"><p style=\"text-align: center;\"><strong>Vereinfacht den Bestellvorgang ab der ersten Sekunde <\/strong><strong>bis zum Check-Out und abschlie\u00dfenden Kauf durch Ihren Kunden<\/strong><\/p>\n<p style=\"text-align: center;\"><strong>Es verf\u00fcgt \u00fcber Optionen f\u00fcr gezielte Werbeaktionen (or gezielte Verkaufsf\u00f6rderung).<\/strong><\/p>\n<\/div><\/div><\/div><\/div><\/div><div class=\"wpb_column vc_column_container erp-flexibility-box-wrapper\"><div class=\"vc_column-inner\"><div class=\"w-vwrapper fx_custom_9194345c erp-flexibility-box align_center valign_top\"><div class=\"w-iconbox fx_custom_3b00ca81 has_text_color iconpos_top style_default color_primary align_center no_title no_text\"><div class=\"w-iconbox-icon\" style=\"font-size:2rem;\"><i class=\"fas fa-check\"><\/i><\/div><div class=\"w-iconbox-meta\"><\/div><\/div><div class=\"wpb_text_column fx_custom_30efc315 has_text_color\"><div class=\"wpb_wrapper\"><p style=\"text-align: center;\"><strong>Gew\u00e4hrleistet eine reibungslose Verwaltung nach dem Kauf mit internen oder externen Auftragsverwaltungstools<\/strong><\/p>\n<p style=\"text-align: center;\"><strong>Erh\u00f6ht die Kundenbindung durch Belohnungen, Gutscheine, Wunschzettel, Geschenklisten und vielem mehr<\/strong><\/p>\n<\/div><\/div><\/div><\/div><\/div><\/div><\/div><\/div><\/div><\/div><\/section>","protected":false},"excerpt":{"rendered":"\u03a4\u03b9 \u03b5\u03af\u03bd\u03b1\u03b9 \u03c4\u03bf Magento? \u03a4\u03bf Magento \u03b5\u03af\u03bd\u03b1\u03b9 \u03b7 \u039d\u03bf1 \u03c0\u03bb\u03b1\u03c4\u03c6\u03cc\u03c1\u03bc\u03b1 \u03b7\u03bb\u03b5\u03ba\u03c4\u03c1\u03bf\u03bd\u03b9\u03ba\u03bf\u03cd \u03b5\u03bc\u03c0\u03bf\u03c1\u03af\u03bf\u03c5 \u03c3\u03ae\u03bc\u03b5\u03c1\u03b1. \u03a0\u03c1\u03bf\u03c3\u03c6\u03ad\u03c1\u03b5\u03b9 \u03b1\u03c0\u03b5\u03c1\u03b9\u03cc\u03c1\u03b9\u03c3\u03c4\u03b5\u03c2 \u03b4\u03c5\u03bd\u03b1\u03c4\u03cc\u03c4\u03b7\u03c4\u03b5\u03c2 \u03ba\u03b1\u03b9 \u03b5\u03c5\u03b5\u03bb\u03b9\u03be\u03af\u03b1 \u03c3\u03c4\u03b9\u03c2 \u03b5\u03c0\u03b9\u03c7\u03b5\u03b9\u03c1\u03ae\u03c3\u03b5\u03b9\u03c2 \u03bc\u03b5 \u03b1\u03c0\u03ce\u03c4\u03b5\u03c1\u03bf \u03c3\u03ba\u03bf\u03c0\u03cc \u03c4\u03b7 \u03bc\u03b5\u03c4\u03b1\u03c4\u03c1\u03bf\u03c0\u03ae \u03c4\u03bf\u03c5 \u03b1\u03c0\u03bb\u03bf\u03cd \u03b5\u03c0\u03b9\u03c3\u03ba\u03ad\u03c0\u03c4\u03b7 \u03c3\u03b5 \u03b5\u03c0\u03b1\u03bd\u03b1\u03bb\u03b1\u03bc\u03b2\u03b1\u03bd\u03cc\u03bc\u03b5\u03bd\u03bf \u03c0\u03b5\u03bb\u03ac\u03c4\u03b7. 1 \u03c3\u03c4\u03b1 4 online \u03ba\u03b1\u03c4\u03b1\u03c3\u03c4\u03ae\u03bc\u03b1\u03c4\u03b1 \u03b5\u03af\u03bd\u03b1\u03b9 \u03b4\u03bf\u03bc\u03b7\u03bc\u03ad\u03bd\u03bf \u03c3\u03b5 \u03c0\u03b5\u03c1\u03b9\u03b2\u03ac\u03bb\u03bb\u03bf\u03bd Magento. \u0394\u03b9\u03b1\u03b8\u03ad\u03c4\u03bf\u03bd\u03c4\u03b1\u03c2 \u03b9\u03c3\u03c7\u03c5\u03c1\u03ac \u03ba\u03b1\u03b9 \u03b5\u03c5\u03ad\u03bb\u03b9\u03ba\u03c4\u03b1 \u03c7\u03b1\u03c1\u03b1\u03ba\u03c4\u03b7\u03c1\u03b9\u03c3\u03c4\u03b9\u03ba\u03ac, \u03c4\u03bf Magento \u03c0\u03b1\u03c1\u03ad\u03c7\u03b5\u03b9 \u03c0\u03c1\u03bf\u03b7\u03b3\u03bc\u03ad\u03bd\u03b1 \u03b5\u03c1\u03b3\u03b1\u03bb\u03b5\u03af\u03b1 \u03b4\u03b9\u03b1\u03c7\u03b5\u03af\u03c1\u03b9\u03c3\u03b7\u03c2 \u03bc\u03ac\u03c1\u03ba\u03b5\u03c4\u03b9\u03bd\u03b3\u03ba, \u03b2\u03b5\u03bb\u03c4\u03b9\u03c3\u03c4\u03bf\u03c0\u03bf\u03af\u03b7\u03c3\u03b7\u03c2 \u03bc\u03b7\u03c7\u03b1\u03bd\u03ce\u03bd...","protected":false},"author":1,"featured_media":0,"parent":0,"menu_order":0,"comment_status":"closed","ping_status":"closed","template":"","meta":{"_acf_changed":false,"inline_featured_image":false,"footnotes":""},"class_list":["post-609","page","type-page","status-publish","hentry"],"acf":[],"yoast_head":"<!-- This site is optimized with the Yoast SEO plugin v27.3 - https:\/\/yoast.com\/product\/yoast-seo-wordpress\/ -->\n<title>Magento e-Commerce - Fixit<\/title>\n<meta name=\"robots\" content=\"index, follow, max-snippet:-1, max-image-preview:large, max-video-preview:-1\" \/>\n<link rel=\"canonical\" href=\"https:\/\/www.fixit.gr\/de\/magento-ecommerce\/\" \/>\n<meta property=\"og:locale\" content=\"de_DE\" \/>\n<meta property=\"og:type\" content=\"article\" \/>\n<meta property=\"og:title\" content=\"Magento e-Commerce - Fixit\" \/>\n<meta property=\"og:url\" content=\"https:\/\/www.fixit.gr\/de\/magento-ecommerce\/\" \/>\n<meta property=\"og:site_name\" content=\"Fixit\" \/>\n<meta property=\"article:publisher\" content=\"https:\/\/www.facebook.com\/Fixit.el\/\" \/>\n<meta property=\"article:modified_time\" content=\"2025-12-18T14:04:56+00:00\" \/>\n<meta name=\"twitter:card\" content=\"summary_large_image\" \/>\n<meta name=\"twitter:label1\" content=\"Gesch\u00e4tzte Lesezeit\" \/>\n\t<meta name=\"twitter:data1\" content=\"2\u00a0Minuten\" \/>\n<script type=\"application\/ld+json\" class=\"yoast-schema-graph\">{\"@context\":\"https:\\\/\\\/schema.org\",\"@graph\":[{\"@type\":\"WebPage\",\"@id\":\"https:\\\/\\\/www.fixit.gr\\\/magento-ecommerce\",\"url\":\"https:\\\/\\\/www.fixit.gr\\\/magento-ecommerce\",\"name\":\"Magento e-Commerce - Fixit\",\"isPartOf\":{\"@id\":\"https:\\\/\\\/www.fixit.gr\\\/#website\"},\"datePublished\":\"2020-03-23T15:42:08+00:00\",\"dateModified\":\"2025-12-18T14:04:56+00:00\",\"inLanguage\":\"de\",\"potentialAction\":[{\"@type\":\"ReadAction\",\"target\":[\"https:\\\/\\\/www.fixit.gr\\\/magento-ecommerce\"]}]},{\"@type\":\"WebSite\",\"@id\":\"https:\\\/\\\/www.fixit.gr\\\/#website\",\"url\":\"https:\\\/\\\/www.fixit.gr\\\/\",\"name\":\"Fixit\",\"description\":\"\u0394\u03b7\u03bc\u03b9\u03bf\u03c5\u03c1\u03b3\u03af\u03b1 eCommerce Web Sites\",\"publisher\":{\"@id\":\"https:\\\/\\\/www.fixit.gr\\\/#organization\"},\"potentialAction\":[{\"@type\":\"SearchAction\",\"target\":{\"@type\":\"EntryPoint\",\"urlTemplate\":\"https:\\\/\\\/www.fixit.gr\\\/?s={search_term_string}\"},\"query-input\":{\"@type\":\"PropertyValueSpecification\",\"valueRequired\":true,\"valueName\":\"search_term_string\"}}],\"inLanguage\":\"de\"},{\"@type\":\"Organization\",\"@id\":\"https:\\\/\\\/www.fixit.gr\\\/#organization\",\"name\":\"Fixit\",\"url\":\"https:\\\/\\\/www.fixit.gr\\\/\",\"logo\":{\"@type\":\"ImageObject\",\"inLanguage\":\"de\",\"@id\":\"https:\\\/\\\/www.fixit.gr\\\/#\\\/schema\\\/logo\\\/image\\\/\",\"url\":\"https:\\\/\\\/www.fixit.gr\\\/wp-content\\\/uploads\\\/2022\\\/07\\\/fixit_logo_site-min.png\",\"contentUrl\":\"https:\\\/\\\/www.fixit.gr\\\/wp-content\\\/uploads\\\/2022\\\/07\\\/fixit_logo_site-min.png\",\"width\":801,\"height\":179,\"caption\":\"Fixit\"},\"image\":{\"@id\":\"https:\\\/\\\/www.fixit.gr\\\/#\\\/schema\\\/logo\\\/image\\\/\"},\"sameAs\":[\"https:\\\/\\\/www.facebook.com\\\/Fixit.el\\\/\"]}]}<\/script>\n<!-- \/ Yoast SEO plugin. -->","yoast_head_json":{"title":"Magento e-Commerce - Fixit","robots":{"index":"index","follow":"follow","max-snippet":"max-snippet:-1","max-image-preview":"max-image-preview:large","max-video-preview":"max-video-preview:-1"},"canonical":"https:\/\/www.fixit.gr\/de\/magento-ecommerce\/","og_locale":"de_DE","og_type":"article","og_title":"Magento e-Commerce - Fixit","og_url":"https:\/\/www.fixit.gr\/de\/magento-ecommerce\/","og_site_name":"Fixit","article_publisher":"https:\/\/www.facebook.com\/Fixit.el\/","article_modified_time":"2025-12-18T14:04:56+00:00","twitter_card":"summary_large_image","twitter_misc":{"Gesch\u00e4tzte Lesezeit":"2\u00a0Minuten"},"schema":{"@context":"https:\/\/schema.org","@graph":[{"@type":"WebPage","@id":"https:\/\/www.fixit.gr\/magento-ecommerce","url":"https:\/\/www.fixit.gr\/magento-ecommerce","name":"Magento e-Commerce - Fixit","isPartOf":{"@id":"https:\/\/www.fixit.gr\/#website"},"datePublished":"2020-03-23T15:42:08+00:00","dateModified":"2025-12-18T14:04:56+00:00","inLanguage":"de","potentialAction":[{"@type":"ReadAction","target":["https:\/\/www.fixit.gr\/magento-ecommerce"]}]},{"@type":"WebSite","@id":"https:\/\/www.fixit.gr\/#website","url":"https:\/\/www.fixit.gr\/","name":"Fixit","description":"\u0394\u03b7\u03bc\u03b9\u03bf\u03c5\u03c1\u03b3\u03af\u03b1 eCommerce Web Sites","publisher":{"@id":"https:\/\/www.fixit.gr\/#organization"},"potentialAction":[{"@type":"SearchAction","target":{"@type":"EntryPoint","urlTemplate":"https:\/\/www.fixit.gr\/?s={search_term_string}"},"query-input":{"@type":"PropertyValueSpecification","valueRequired":true,"valueName":"search_term_string"}}],"inLanguage":"de"},{"@type":"Organization","@id":"https:\/\/www.fixit.gr\/#organization","name":"Fixit","url":"https:\/\/www.fixit.gr\/","logo":{"@type":"ImageObject","inLanguage":"de","@id":"https:\/\/www.fixit.gr\/#\/schema\/logo\/image\/","url":"https:\/\/www.fixit.gr\/wp-content\/uploads\/2022\/07\/fixit_logo_site-min.png","contentUrl":"https:\/\/www.fixit.gr\/wp-content\/uploads\/2022\/07\/fixit_logo_site-min.png","width":801,"height":179,"caption":"Fixit"},"image":{"@id":"https:\/\/www.fixit.gr\/#\/schema\/logo\/image\/"},"sameAs":["https:\/\/www.facebook.com\/Fixit.el\/"]}]}},"amp_enabled":true,"_links":{"self":[{"href":"https:\/\/www.fixit.gr\/de\/wp-json\/wp\/v2\/pages\/609","targetHints":{"allow":["GET"]}}],"collection":[{"href":"https:\/\/www.fixit.gr\/de\/wp-json\/wp\/v2\/pages"}],"about":[{"href":"https:\/\/www.fixit.gr\/de\/wp-json\/wp\/v2\/types\/page"}],"author":[{"embeddable":true,"href":"https:\/\/www.fixit.gr\/de\/wp-json\/wp\/v2\/users\/1"}],"replies":[{"embeddable":true,"href":"https:\/\/www.fixit.gr\/de\/wp-json\/wp\/v2\/comments?post=609"}],"version-history":[{"count":10,"href":"https:\/\/www.fixit.gr\/de\/wp-json\/wp\/v2\/pages\/609\/revisions"}],"predecessor-version":[{"id":16138,"href":"https:\/\/www.fixit.gr\/de\/wp-json\/wp\/v2\/pages\/609\/revisions\/16138"}],"wp:attachment":[{"href":"https:\/\/www.fixit.gr\/de\/wp-json\/wp\/v2\/media?parent=609"}],"curies":[{"name":"wp","href":"https:\/\/api.w.org\/{rel}","templated":true}]}}