{"id":705,"date":"2020-03-25T23:56:05","date_gmt":"2020-03-25T21:56:05","guid":{"rendered":"https:\/\/www.fixit.gr\/?page_id=705"},"modified":"2025-12-18T14:23:44","modified_gmt":"2025-12-18T12:23:44","slug":"web-development","status":"publish","type":"page","link":"https:\/\/www.fixit.gr\/de\/web-development","title":{"rendered":"Web Entwicklung"},"content":{"rendered":"<section class=\"l-section wpb_row erp-connection-section height_medium\"><div class=\"l-section-h i-cf\"><div class=\"g-cols vc_row via_grid cols_1 laptops-cols_inherit tablets-cols_inherit mobiles-cols_1 valign_top type_default stacking_default\"><div class=\"wpb_column vc_column_container\"><div class=\"vc_column-inner\"><div class=\"w-vwrapper erp-connection-hero align_none valign_top\"><div class=\"wpb_text_column fx_custom_04606053 has_text_color\"><div class=\"wpb_wrapper\"><h1>WEB DEVELOPMENT<\/h1>\n<\/div><\/div><div class=\"wpb_text_column fx_custom_d64ea067 has_text_color\"><div class=\"wpb_wrapper\"><p>Wenn Sie ein erfahrenes Entwicklerteam suchen, das Ihren Online-Shop vollst\u00e4ndig und verantwortungsbewusst \u00fcbernimmt, sollten Sie nicht weiter suchen.<\/p>\n<\/div><\/div><div class=\"wpb_text_column fx_custom_98b6cbe7 has_text_color\"><div class=\"wpb_wrapper\"><h1>Fixit ist die ideale Wahl f\u00fcr Sie!<\/h1>\n<\/div><\/div><div class=\"wpb_text_column fx_custom_6bbb20fa has_text_color\"><div class=\"wpb_wrapper\"><p>Egal, ob Sie die Website von Grund auf neu erstellen, von einem anderen CMS in eine Magento-Umgebung \u00fcbertragen oder von Magento 1 auf Magento 2 aktualisieren m\u00f6chten, unser zertifiziertes Team hilft Ihnen gerne weiter.<\/p>\n<\/div><\/div><div class=\"w-image fx_custom_9e2f174f align_none\"><div class=\"w-image-h\"><img loading=\"lazy\" decoding=\"async\" width=\"755\" height=\"755\" src=\"https:\/\/www.fixit.gr\/wp-content\/uploads\/Ellipse-15-1.png\" class=\"attachment-large size-large\" alt=\"\" srcset=\"https:\/\/www.fixit.gr\/wp-content\/uploads\/Ellipse-15-1.png 755w, https:\/\/www.fixit.gr\/wp-content\/uploads\/Ellipse-15-1-300x300.png 300w, https:\/\/www.fixit.gr\/wp-content\/uploads\/Ellipse-15-1-150x150.png 150w, https:\/\/www.fixit.gr\/wp-content\/uploads\/Ellipse-15-1-12x12.png 12w, https:\/\/www.fixit.gr\/wp-content\/uploads\/Ellipse-15-1-64x64.png 64w\" sizes=\"auto, (max-width: 755px) 100vw, 755px\" \/><\/div><\/div><\/div><\/div><\/div><\/div><\/div><\/section><section class=\"l-section wpb_row fx_custom_d21576ce height_medium\"><div class=\"l-section-h i-cf\"><div class=\"g-cols vc_row via_grid cols_1 laptops-cols_inherit tablets-cols_inherit mobiles-cols_1 valign_top type_default stacking_default\"><div class=\"wpb_column vc_column_container\"><div class=\"vc_column-inner\"><div class=\"g-cols wpb_row fx_custom_f37aca33 via_grid cols_1 laptops-cols_inherit tablets-cols_inherit mobiles-cols_1 valign_top type_default stacking_default\"><div class=\"wpb_column vc_column_container\"><div class=\"vc_column-inner\"><h2 class=\"w-text fx_custom_e198bc31 has_text_color\"><span class=\"w-text-h\"><span class=\"w-text-value\">Die Phasen eines erfolgreichen Magento-Projekts<\/span><\/span><\/h2><\/div><\/div><\/div><\/div><\/div><\/div><\/div><\/section><section class=\"l-section wpb_row fx_custom_9a632c20 height_medium width_custom\" style=\"--site-content-width:1570px;\"><div class=\"l-section-h i-cf\"><div class=\"g-cols vc_row via_grid cols_1 laptops-cols_inherit tablets-cols_inherit mobiles-cols_1 valign_top type_default stacking_default\"><div class=\"wpb_column vc_column_container\"><div class=\"vc_column-inner\"><div class=\"g-cols wpb_row page-construction-offers via_grid cols_2 laptops-cols_inherit tablets-cols_inherit mobiles-cols_1 valign_top type_default stacking_default\" style=\"grid-gap:30px;\"><div class=\"wpb_column vc_column_container page-construction-offer-wrapper\"><div class=\"vc_column-inner\"><div class=\"w-hwrapper fx_custom_981b51f5 page-construction-offer align_none valign_top\" style=\"--hwrapper-gap:1.20rem\"><div class=\"w-iconbox fx_custom_99a94144 has_text_color iconpos_top style_default color_primary align_center no_title no_text\"><div class=\"w-iconbox-icon\" style=\"font-size:2rem;\"><i class=\"fas fa-check\"><\/i><\/div><div class=\"w-iconbox-meta\"><\/div><\/div><div class=\"w-vwrapper align_none valign_top\"><div class=\"w-text fx_custom_b3ee3812 has_text_color\"><span class=\"w-text-h\"><span class=\"w-text-value\">Vollst\u00e4ndige Aufzeichnung und Analyse Ihrer Bed\u00fcrfnisse (Discover &amp; Analyze your needs)<\/span><\/span><\/div><div class=\"wpb_text_column fx_custom_dc25851a has_text_color\"><div class=\"wpb_wrapper\"><p>Jedes erfolgreiche Projekt beginnt nur dann mit einer soliden Grundlage, wenn die Anforderungen hervorragend verstanden wurden. Auf diese Weise ist es richtig strukturiert und erfolgreich abgeschlossen. Wir sammeln und priorisieren alle wertvollen Informationen, die uns gegeben werden, um die genauen Spezifikationen festzulegen.<\/p>\n<\/div><\/div><\/div><\/div><\/div><\/div><div class=\"wpb_column vc_column_container page-construction-offer-wrapper\"><div class=\"vc_column-inner\"><div class=\"w-hwrapper fx_custom_981b51f5 page-construction-offer align_none valign_top\" style=\"--hwrapper-gap:1.20rem\"><div class=\"w-iconbox fx_custom_99a94144 has_text_color iconpos_top style_default color_primary align_center no_title no_text\"><div class=\"w-iconbox-icon\" style=\"font-size:2rem;\"><i class=\"fas fa-check\"><\/i><\/div><div class=\"w-iconbox-meta\"><\/div><\/div><div class=\"w-vwrapper align_none valign_top\"><div class=\"w-text fx_custom_bb776140 has_text_color\"><span class=\"w-text-h\"><span class=\"w-text-value\">Design-User-Experience (State-of-art UX\/UI Design)<\/span><\/span><\/div><div class=\"wpb_text_column fx_custom_0a06ce23 has_text_color\"><div class=\"wpb_wrapper\"><p>\u03a3\u03b5 \u03c3\u03c5\u03bd\u03b5\u03c1\u03b3\u03b1\u03c3\u03af\u03b1 \u03bc\u03b5 \u03ad\u03bc\u03c0\u03b5\u03b9\u03c1\u03bf\u03c5\u03c2 UX\/UI web designers, \u03c3\u03b1\u03c2 \u03c0\u03b1\u03c1\u03bf\u03c5\u03c3\u03b9\u03ac\u03b6\u03bf\u03c5\u03bc\u03b5 \u03b3\u03c1\u03b1\u03c6\u03b9\u03c3\u03c4\u03b9\u03ba\u03ad\u03c2 \u03c0\u03c1\u03bf\u03c4\u03ac\u03c3\u03b5\u03b9\u03c2 \u03c5\u03c8\u03b7\u03bb\u03ae\u03c2 \u03c0\u03bf\u03b9\u03cc\u03c4\u03b7\u03c4\u03b1\u03c2 \u03ba\u03b1\u03b9 \u03b1\u03b9\u03c3\u03b8\u03b7\u03c4\u03b9\u03ba\u03ae\u03c2. \u03a0\u03bb\u03ad\u03bf\u03bd \u03ad\u03c7\u03b5\u03c4\u03b5 \u03bc\u03b9\u03b1 \u03c0\u03c1\u03ce\u03c4\u03b7 \u03b5\u03b9\u03ba\u03cc\u03bd\u03b1 \u03c4\u03bf\u03c5 \u2018\u03c0\u03c9\u03c2\u2019 \u03b8\u03b1 \u03c6\u03b1\u03af\u03bd\u03b5\u03c4\u03b1\u03b9 \u03b7 \u03b9\u03c3\u03c4\u03bf\u03c3\u03b5\u03bb\u03af\u03b4\u03b1 \u03bc\u03b1\u03c2.<\/p>\n<\/div><\/div><\/div><\/div><\/div><\/div><\/div><div class=\"g-cols wpb_row fx_custom_60c164f8 page-construction-offers via_grid cols_2 laptops-cols_inherit tablets-cols_inherit mobiles-cols_1 valign_top type_default stacking_default\" style=\"grid-gap:30px;\"><div class=\"wpb_column vc_column_container page-construction-offer-wrapper\"><div class=\"vc_column-inner\"><div class=\"w-hwrapper fx_custom_981b51f5 page-construction-offer align_none valign_top\" style=\"--hwrapper-gap:1.20rem\"><div class=\"w-iconbox fx_custom_99a94144 has_text_color iconpos_top style_default color_primary align_center no_title no_text\"><div class=\"w-iconbox-icon\" style=\"font-size:2rem;\"><i class=\"fas fa-check\"><\/i><\/div><div class=\"w-iconbox-meta\"><\/div><\/div><div class=\"w-vwrapper align_none valign_top\"><div class=\"w-text fx_custom_bb776140 has_text_color\"><span class=\"w-text-h\"><span class=\"w-text-value\">Magento Web Development<\/span><\/span><\/div><div class=\"wpb_text_column fx_custom_0a06ce23 has_text_color\"><div class=\"wpb_wrapper\"><p>\u03a0\u03bb\u03ad\u03bf\u03bd \u03b5\u03af\u03bc\u03b1\u03c3\u03c4\u03b5 \u03c3\u03b5 \u03b8\u03ad\u03c3\u03b7 \u03bd\u03b1 \u03be\u03b5\u03ba\u03b9\u03bd\u03ae\u03c3\u03bf\u03c5\u03bc\u03b5 \u03c4\u03bf \u03c3\u03c9\u03c3\u03c4\u03cc \u2018\u03c7\u03c4\u03af\u03c3\u03b9\u03bc\u03bf\u2019 \u03c4\u03b7\u03c2 \u03b9\u03c3\u03c4\u03bf\u03c3\u03b5\u03bb\u03af\u03b4\u03b1\u03c2 \u03c3\u03b1\u03c2. \u0391\u03be\u03b9\u03bf\u03c0\u03bf\u03b9\u03ce\u03bd\u03c4\u03b1\u03c2 \u03cc\u03bb\u03b1 \u03c4\u03b1 \u03c0\u03bb\u03b5\u03bf\u03bd\u03b5\u03ba\u03c4\u03ae\u03bc\u03b1\u03c4\u03b1 \u03ba\u03b1\u03b9 \u03c4\u03b9\u03c2 \u03b4\u03b9\u03b1\u03b8\u03ad\u03c3\u03b9\u03bc\u03b5\u03c2 \u03b5\u03c0\u03b5\u03ba\u03c4\u03ac\u03c3\u03b5\u03b9\u03c2 \u03c4\u03bf\u03c5 Magento, \u03b4\u03bf\u03bc\u03bf\u03cd\u03bc\u03b5 \u03c4\u03bf \u03bc\u03bf\u03bd\u03b1\u03b4\u03b9\u03ba\u03cc, \u03c0\u03bb\u03ae\u03c1\u03c9\u03c2 \u03c0\u03b1\u03c1\u03b1\u03bc\u03b5\u03c4\u03c1\u03bf\u03c0\u03bf\u03b9\u03ae\u03c3\u03b9\u03bc\u03bf \u03ba\u03b1\u03b9 \u03b1\u03c3\u03c6\u03b1\u03bb\u03ad\u03c2 \u03b4\u03b9\u03ba\u03cc \u03c3\u03b1\u03c2 website. \u03a0\u03b1\u03c1\u03ac\u03b3\u03bf\u03c5\u03bc\u03b5 \u03c0\u03b7\u03b3\u03b1\u03af\u03bf, \u03c0\u03bf\u03b9\u03bf\u03c4\u03b9\u03ba\u03cc \u03ba\u03ce\u03b4\u03b9\u03ba\u03b1 \u03b2\u03b1\u03c3\u03b9\u03c3\u03bc\u03ad\u03bd\u03bf \u03c3\u03b5 PHP, Javascript, jQuery, Knockoutjs, LESS, Css, HTML, Soap \u03ba\u03b1\u03b9 Rest \u03b3\u03bb\u03ce\u03c3\u03c3\u03b5\u03c2 \u03c0\u03c1\u03bf\u03b3\u03c1\u03b1\u03bc\u03bc\u03b1\u03c4\u03b9\u03c3\u03bc\u03bf\u03cd.<\/p>\n<\/div><\/div><\/div><\/div><\/div><\/div><div class=\"wpb_column vc_column_container page-construction-offer-wrapper\"><div class=\"vc_column-inner\"><div class=\"w-hwrapper fx_custom_981b51f5 page-construction-offer align_none valign_top\" style=\"--hwrapper-gap:1.20rem\"><div class=\"w-iconbox fx_custom_99a94144 has_text_color iconpos_top style_default color_primary align_center no_title no_text\"><div class=\"w-iconbox-icon\" style=\"font-size:2rem;\"><i class=\"fas fa-check\"><\/i><\/div><div class=\"w-iconbox-meta\"><\/div><\/div><div class=\"w-vwrapper align_none valign_top\"><div class=\"w-text fx_custom_bb776140 has_text_color\"><span class=\"w-text-h\"><span class=\"w-text-value\">\u00dcberpr\u00fcfen (Testen jedes einzelnen Details)<\/span><\/span><\/div><div class=\"wpb_text_column fx_custom_0a06ce23 has_text_color\"><div class=\"wpb_wrapper\"><p>W\u00e4hrend der gesamten Projektdurchf\u00fchrung werden regelm\u00e4\u00dfige und gut geplante \u00dcberpr\u00fcfungen durchgef\u00fchrt. Der flexible Prozess der Magento-Plattform erm\u00f6glicht es uns, jederzeit die vollst\u00e4ndige Kontrolle \u00fcber alle Parameter zu gew\u00e4hrleisten.<\/p>\n<\/div><\/div><\/div><\/div><\/div><\/div><\/div><div class=\"g-cols wpb_row fx_custom_60c164f8 page-construction-offers via_grid cols_2 laptops-cols_inherit tablets-cols_inherit mobiles-cols_1 valign_top type_default stacking_default\" style=\"grid-gap:30px;\"><div class=\"wpb_column vc_column_container page-construction-offer-wrapper\"><div class=\"vc_column-inner\"><div class=\"w-hwrapper fx_custom_981b51f5 page-construction-offer align_none valign_top\" style=\"--hwrapper-gap:1.20rem\"><div class=\"w-iconbox fx_custom_99a94144 has_text_color iconpos_top style_default color_primary align_center no_title no_text\"><div class=\"w-iconbox-icon\" style=\"font-size:2rem;\"><i class=\"fas fa-check\"><\/i><\/div><div class=\"w-iconbox-meta\"><\/div><\/div><div class=\"w-vwrapper align_none valign_top\"><div class=\"w-text fx_custom_bb776140 has_text_color\"><span class=\"w-text-h\"><span class=\"w-text-value\">We are live! (Launching)<\/span><\/span><\/div><div class=\"wpb_text_column fx_custom_0a06ce23 has_text_color\"><div class=\"wpb_wrapper\"><p>Das ordnungsgem\u00e4\u00dfe Hochladen einer neuen Website ist ein kritischer und fortlaufender Prozess, der einen reibungslosen \u00dcbergang, minimale Ausfallzeiten und eine klare Strategie erfordert, um das Stoppen von Suchmaschinen-Rankings zu vermeiden.<\/p>\n<\/div><\/div><\/div><\/div><\/div><\/div><div class=\"wpb_column vc_column_container page-construction-offer-wrapper\"><div class=\"vc_column-inner\"><\/div><\/div><\/div><\/div><\/div><\/div><\/div><\/section>","protected":false},"excerpt":{"rendered":"WEB DEVELOPMENT \u0391\u03bd \u03c8\u03ac\u03c7\u03bd\u03b5\u03c4\u03b5 \u03b3\u03b9\u03b1 \u03bc\u03b9\u03b1 \u03ad\u03bc\u03c0\u03b5\u03b9\u03c1\u03b7 \u03bf\u03bc\u03ac\u03b4\u03b1 \u03c0\u03c1\u03bf\u03b3\u03c1\u03b1\u03bc\u03bc\u03b1\u03c4\u03b9\u03c3\u03c4\u03ce\u03bd \u03c0\u03bf\u03c5 \u03b8\u03b1 \u03b1\u03bd\u03b1\u03bb\u03ac\u03b2\u03b5\u03b9 \u03c0\u03bb\u03ae\u03c1\u03c9\u03c2 \u03ba\u03b1\u03b9 \u03c5\u03c0\u03b5\u03cd\u03b8\u03c5\u03bd\u03b1 \u03c4\u03bf \u03b7\u03bb\u03b5\u03ba\u03c4\u03c1\u03bf\u03bd\u03b9\u03ba\u03cc \u03c3\u03b1\u03c2 \u03ba\u03b1\u03c4\u03ac\u03c3\u03c4\u03b7\u03bc\u03b1, \u03b4\u03b5 \u03c7\u03c1\u03b5\u03b9\u03ac\u03b6\u03b5\u03c4\u03b1\u03b9 \u03bd\u03b1 \u03ba\u03ac\u03bd\u03b5\u03c4\u03b5 \u03c0\u03b5\u03c1\u03b1\u03b9\u03c4\u03ad\u03c1\u03c9 \u03b1\u03bd\u03b1\u03b6\u03ae\u03c4\u03b7\u03c3\u03b7. \u0397 Fixit \u03b5\u03af\u03bd\u03b1\u03b9 \u03b7 \u03b9\u03b4\u03b1\u03bd\u03b9\u03ba\u03ae \u03b5\u03c0\u03b9\u03bb\u03bf\u03b3\u03ae \u03b3\u03b9\u03b1 \u03b5\u03c3\u03ac\u03c2! \u0395\u03af\u03c4\u03b5 \u03b8\u03ad\u03bb\u03b5\u03c4\u03b5 \u03bd\u03b1 \u03b4\u03b7\u03bc\u03b9\u03bf\u03c5\u03c1\u03b3\u03ae\u03c3\u03b5\u03c4\u03b5 \u03c4\u03bf site \u03b1\u03c0\u03cc \u03c4\u03bf \u03bc\u03b7\u03b4\u03ad\u03bd, \u03b5\u03af\u03c4\u03b5 \u03bd\u03b1 \u03c4\u03bf \u03bc\u03b5\u03c4\u03b1\u03c6\u03ad\u03c1\u03b5\u03c4\u03b5 \u03b1\u03c0\u03cc \u03ac\u03bb\u03bb\u03bf CMS \u03c3\u03b5 Magento \u03c0\u03b5\u03c1\u03b9\u03b2\u03ac\u03bb\u03bb\u03bf\u03bd, \u03b5\u03af\u03c4\u03b5 \u03bd\u03b1 \u03c4\u03bf...","protected":false},"author":1,"featured_media":0,"parent":0,"menu_order":0,"comment_status":"closed","ping_status":"closed","template":"","meta":{"_acf_changed":false,"inline_featured_image":false,"footnotes":""},"class_list":["post-705","page","type-page","status-publish","hentry"],"acf":[],"yoast_head":"<!-- This site is optimized with the Yoast SEO plugin v27.3 - https:\/\/yoast.com\/product\/yoast-seo-wordpress\/ -->\n<title>Web Development - Fixit<\/title>\n<meta name=\"description\" content=\"\u0391\u03bd \u03c8\u03ac\u03c7\u03bd\u03b5\u03c4\u03b5 \u03b3\u03b9\u03b1 \u03bc\u03b9\u03b1 \u03ad\u03bc\u03c0\u03b5\u03b9\u03c1\u03b7 \u03bf\u03bc\u03ac\u03b4\u03b1 \u03c0\u03c1\u03bf\u03b3\u03c1\u03b1\u03bc\u03bc\u03b1\u03c4\u03b9\u03c3\u03c4\u03ce\u03bd \u03c0\u03bf\u03c5 \u03b8\u03b1 \u03b1\u03bd\u03b1\u03bb\u03ac\u03b2\u03b5\u03b9 \u03c0\u03bb\u03ae\u03c1\u03c9\u03c2 \u03ba\u03b1\u03b9 \u03c5\u03c0\u03b5\u03cd\u03b8\u03c5\u03bd\u03b1 \u03c4\u03bf \u03b7\u03bb\u03b5\u03ba\u03c4\u03c1\u03bf\u03bd\u03b9\u03ba\u03cc \u03c3\u03b1\u03c2 \u03ba\u03b1\u03c4\u03ac\u03c3\u03c4\u03b7\u03bc\u03b1...\" \/>\n<meta name=\"robots\" content=\"index, follow, max-snippet:-1, max-image-preview:large, max-video-preview:-1\" \/>\n<link rel=\"canonical\" href=\"https:\/\/www.fixit.gr\/de\/web-development\/\" \/>\n<meta property=\"og:locale\" content=\"de_DE\" \/>\n<meta property=\"og:type\" content=\"article\" \/>\n<meta property=\"og:title\" content=\"Web Development - Fixit\" \/>\n<meta property=\"og:description\" content=\"\u0391\u03bd \u03c8\u03ac\u03c7\u03bd\u03b5\u03c4\u03b5 \u03b3\u03b9\u03b1 \u03bc\u03b9\u03b1 \u03ad\u03bc\u03c0\u03b5\u03b9\u03c1\u03b7 \u03bf\u03bc\u03ac\u03b4\u03b1 \u03c0\u03c1\u03bf\u03b3\u03c1\u03b1\u03bc\u03bc\u03b1\u03c4\u03b9\u03c3\u03c4\u03ce\u03bd \u03c0\u03bf\u03c5 \u03b8\u03b1 \u03b1\u03bd\u03b1\u03bb\u03ac\u03b2\u03b5\u03b9 \u03c0\u03bb\u03ae\u03c1\u03c9\u03c2 \u03ba\u03b1\u03b9 \u03c5\u03c0\u03b5\u03cd\u03b8\u03c5\u03bd\u03b1 \u03c4\u03bf \u03b7\u03bb\u03b5\u03ba\u03c4\u03c1\u03bf\u03bd\u03b9\u03ba\u03cc \u03c3\u03b1\u03c2 \u03ba\u03b1\u03c4\u03ac\u03c3\u03c4\u03b7\u03bc\u03b1...\" \/>\n<meta property=\"og:url\" content=\"https:\/\/www.fixit.gr\/de\/web-development\/\" \/>\n<meta property=\"og:site_name\" content=\"Fixit\" \/>\n<meta property=\"article:publisher\" content=\"https:\/\/www.facebook.com\/Fixit.el\/\" \/>\n<meta property=\"article:modified_time\" content=\"2025-12-18T12:23:44+00:00\" \/>\n<meta name=\"twitter:card\" content=\"summary_large_image\" \/>\n<meta name=\"twitter:label1\" content=\"Gesch\u00e4tzte Lesezeit\" \/>\n\t<meta name=\"twitter:data1\" content=\"3\u00a0Minuten\" \/>\n<script type=\"application\/ld+json\" class=\"yoast-schema-graph\">{\"@context\":\"https:\\\/\\\/schema.org\",\"@graph\":[{\"@type\":\"WebPage\",\"@id\":\"https:\\\/\\\/www.fixit.gr\\\/web-development\",\"url\":\"https:\\\/\\\/www.fixit.gr\\\/web-development\",\"name\":\"Web Development - Fixit\",\"isPartOf\":{\"@id\":\"https:\\\/\\\/www.fixit.gr\\\/#website\"},\"datePublished\":\"2020-03-25T21:56:05+00:00\",\"dateModified\":\"2025-12-18T12:23:44+00:00\",\"description\":\"\u0391\u03bd \u03c8\u03ac\u03c7\u03bd\u03b5\u03c4\u03b5 \u03b3\u03b9\u03b1 \u03bc\u03b9\u03b1 \u03ad\u03bc\u03c0\u03b5\u03b9\u03c1\u03b7 \u03bf\u03bc\u03ac\u03b4\u03b1 \u03c0\u03c1\u03bf\u03b3\u03c1\u03b1\u03bc\u03bc\u03b1\u03c4\u03b9\u03c3\u03c4\u03ce\u03bd \u03c0\u03bf\u03c5 \u03b8\u03b1 \u03b1\u03bd\u03b1\u03bb\u03ac\u03b2\u03b5\u03b9 \u03c0\u03bb\u03ae\u03c1\u03c9\u03c2 \u03ba\u03b1\u03b9 \u03c5\u03c0\u03b5\u03cd\u03b8\u03c5\u03bd\u03b1 \u03c4\u03bf \u03b7\u03bb\u03b5\u03ba\u03c4\u03c1\u03bf\u03bd\u03b9\u03ba\u03cc \u03c3\u03b1\u03c2 \u03ba\u03b1\u03c4\u03ac\u03c3\u03c4\u03b7\u03bc\u03b1...\",\"inLanguage\":\"de\",\"potentialAction\":[{\"@type\":\"ReadAction\",\"target\":[\"https:\\\/\\\/www.fixit.gr\\\/web-development\"]}]},{\"@type\":\"WebSite\",\"@id\":\"https:\\\/\\\/www.fixit.gr\\\/#website\",\"url\":\"https:\\\/\\\/www.fixit.gr\\\/\",\"name\":\"Fixit\",\"description\":\"\u0394\u03b7\u03bc\u03b9\u03bf\u03c5\u03c1\u03b3\u03af\u03b1 eCommerce Web Sites\",\"publisher\":{\"@id\":\"https:\\\/\\\/www.fixit.gr\\\/#organization\"},\"potentialAction\":[{\"@type\":\"SearchAction\",\"target\":{\"@type\":\"EntryPoint\",\"urlTemplate\":\"https:\\\/\\\/www.fixit.gr\\\/?s={search_term_string}\"},\"query-input\":{\"@type\":\"PropertyValueSpecification\",\"valueRequired\":true,\"valueName\":\"search_term_string\"}}],\"inLanguage\":\"de\"},{\"@type\":\"Organization\",\"@id\":\"https:\\\/\\\/www.fixit.gr\\\/#organization\",\"name\":\"Fixit\",\"url\":\"https:\\\/\\\/www.fixit.gr\\\/\",\"logo\":{\"@type\":\"ImageObject\",\"inLanguage\":\"de\",\"@id\":\"https:\\\/\\\/www.fixit.gr\\\/#\\\/schema\\\/logo\\\/image\\\/\",\"url\":\"https:\\\/\\\/www.fixit.gr\\\/wp-content\\\/uploads\\\/2022\\\/07\\\/fixit_logo_site-min.png\",\"contentUrl\":\"https:\\\/\\\/www.fixit.gr\\\/wp-content\\\/uploads\\\/2022\\\/07\\\/fixit_logo_site-min.png\",\"width\":801,\"height\":179,\"caption\":\"Fixit\"},\"image\":{\"@id\":\"https:\\\/\\\/www.fixit.gr\\\/#\\\/schema\\\/logo\\\/image\\\/\"},\"sameAs\":[\"https:\\\/\\\/www.facebook.com\\\/Fixit.el\\\/\"]}]}<\/script>\n<!-- \/ Yoast SEO plugin. -->","yoast_head_json":{"title":"Web Development - Fixit","description":"\u0391\u03bd \u03c8\u03ac\u03c7\u03bd\u03b5\u03c4\u03b5 \u03b3\u03b9\u03b1 \u03bc\u03b9\u03b1 \u03ad\u03bc\u03c0\u03b5\u03b9\u03c1\u03b7 \u03bf\u03bc\u03ac\u03b4\u03b1 \u03c0\u03c1\u03bf\u03b3\u03c1\u03b1\u03bc\u03bc\u03b1\u03c4\u03b9\u03c3\u03c4\u03ce\u03bd \u03c0\u03bf\u03c5 \u03b8\u03b1 \u03b1\u03bd\u03b1\u03bb\u03ac\u03b2\u03b5\u03b9 \u03c0\u03bb\u03ae\u03c1\u03c9\u03c2 \u03ba\u03b1\u03b9 \u03c5\u03c0\u03b5\u03cd\u03b8\u03c5\u03bd\u03b1 \u03c4\u03bf \u03b7\u03bb\u03b5\u03ba\u03c4\u03c1\u03bf\u03bd\u03b9\u03ba\u03cc \u03c3\u03b1\u03c2 \u03ba\u03b1\u03c4\u03ac\u03c3\u03c4\u03b7\u03bc\u03b1...","robots":{"index":"index","follow":"follow","max-snippet":"max-snippet:-1","max-image-preview":"max-image-preview:large","max-video-preview":"max-video-preview:-1"},"canonical":"https:\/\/www.fixit.gr\/de\/web-development\/","og_locale":"de_DE","og_type":"article","og_title":"Web Development - Fixit","og_description":"\u0391\u03bd \u03c8\u03ac\u03c7\u03bd\u03b5\u03c4\u03b5 \u03b3\u03b9\u03b1 \u03bc\u03b9\u03b1 \u03ad\u03bc\u03c0\u03b5\u03b9\u03c1\u03b7 \u03bf\u03bc\u03ac\u03b4\u03b1 \u03c0\u03c1\u03bf\u03b3\u03c1\u03b1\u03bc\u03bc\u03b1\u03c4\u03b9\u03c3\u03c4\u03ce\u03bd \u03c0\u03bf\u03c5 \u03b8\u03b1 \u03b1\u03bd\u03b1\u03bb\u03ac\u03b2\u03b5\u03b9 \u03c0\u03bb\u03ae\u03c1\u03c9\u03c2 \u03ba\u03b1\u03b9 \u03c5\u03c0\u03b5\u03cd\u03b8\u03c5\u03bd\u03b1 \u03c4\u03bf \u03b7\u03bb\u03b5\u03ba\u03c4\u03c1\u03bf\u03bd\u03b9\u03ba\u03cc \u03c3\u03b1\u03c2 \u03ba\u03b1\u03c4\u03ac\u03c3\u03c4\u03b7\u03bc\u03b1...","og_url":"https:\/\/www.fixit.gr\/de\/web-development\/","og_site_name":"Fixit","article_publisher":"https:\/\/www.facebook.com\/Fixit.el\/","article_modified_time":"2025-12-18T12:23:44+00:00","twitter_card":"summary_large_image","twitter_misc":{"Gesch\u00e4tzte Lesezeit":"3\u00a0Minuten"},"schema":{"@context":"https:\/\/schema.org","@graph":[{"@type":"WebPage","@id":"https:\/\/www.fixit.gr\/web-development","url":"https:\/\/www.fixit.gr\/web-development","name":"Web Development - Fixit","isPartOf":{"@id":"https:\/\/www.fixit.gr\/#website"},"datePublished":"2020-03-25T21:56:05+00:00","dateModified":"2025-12-18T12:23:44+00:00","description":"\u0391\u03bd \u03c8\u03ac\u03c7\u03bd\u03b5\u03c4\u03b5 \u03b3\u03b9\u03b1 \u03bc\u03b9\u03b1 \u03ad\u03bc\u03c0\u03b5\u03b9\u03c1\u03b7 \u03bf\u03bc\u03ac\u03b4\u03b1 \u03c0\u03c1\u03bf\u03b3\u03c1\u03b1\u03bc\u03bc\u03b1\u03c4\u03b9\u03c3\u03c4\u03ce\u03bd \u03c0\u03bf\u03c5 \u03b8\u03b1 \u03b1\u03bd\u03b1\u03bb\u03ac\u03b2\u03b5\u03b9 \u03c0\u03bb\u03ae\u03c1\u03c9\u03c2 \u03ba\u03b1\u03b9 \u03c5\u03c0\u03b5\u03cd\u03b8\u03c5\u03bd\u03b1 \u03c4\u03bf \u03b7\u03bb\u03b5\u03ba\u03c4\u03c1\u03bf\u03bd\u03b9\u03ba\u03cc \u03c3\u03b1\u03c2 \u03ba\u03b1\u03c4\u03ac\u03c3\u03c4\u03b7\u03bc\u03b1...","inLanguage":"de","potentialAction":[{"@type":"ReadAction","target":["https:\/\/www.fixit.gr\/web-development"]}]},{"@type":"WebSite","@id":"https:\/\/www.fixit.gr\/#website","url":"https:\/\/www.fixit.gr\/","name":"Fixit","description":"\u0394\u03b7\u03bc\u03b9\u03bf\u03c5\u03c1\u03b3\u03af\u03b1 eCommerce Web Sites","publisher":{"@id":"https:\/\/www.fixit.gr\/#organization"},"potentialAction":[{"@type":"SearchAction","target":{"@type":"EntryPoint","urlTemplate":"https:\/\/www.fixit.gr\/?s={search_term_string}"},"query-input":{"@type":"PropertyValueSpecification","valueRequired":true,"valueName":"search_term_string"}}],"inLanguage":"de"},{"@type":"Organization","@id":"https:\/\/www.fixit.gr\/#organization","name":"Fixit","url":"https:\/\/www.fixit.gr\/","logo":{"@type":"ImageObject","inLanguage":"de","@id":"https:\/\/www.fixit.gr\/#\/schema\/logo\/image\/","url":"https:\/\/www.fixit.gr\/wp-content\/uploads\/2022\/07\/fixit_logo_site-min.png","contentUrl":"https:\/\/www.fixit.gr\/wp-content\/uploads\/2022\/07\/fixit_logo_site-min.png","width":801,"height":179,"caption":"Fixit"},"image":{"@id":"https:\/\/www.fixit.gr\/#\/schema\/logo\/image\/"},"sameAs":["https:\/\/www.facebook.com\/Fixit.el\/"]}]}},"amp_enabled":true,"_links":{"self":[{"href":"https:\/\/www.fixit.gr\/de\/wp-json\/wp\/v2\/pages\/705","targetHints":{"allow":["GET"]}}],"collection":[{"href":"https:\/\/www.fixit.gr\/de\/wp-json\/wp\/v2\/pages"}],"about":[{"href":"https:\/\/www.fixit.gr\/de\/wp-json\/wp\/v2\/types\/page"}],"author":[{"embeddable":true,"href":"https:\/\/www.fixit.gr\/de\/wp-json\/wp\/v2\/users\/1"}],"replies":[{"embeddable":true,"href":"https:\/\/www.fixit.gr\/de\/wp-json\/wp\/v2\/comments?post=705"}],"version-history":[{"count":9,"href":"https:\/\/www.fixit.gr\/de\/wp-json\/wp\/v2\/pages\/705\/revisions"}],"predecessor-version":[{"id":16102,"href":"https:\/\/www.fixit.gr\/de\/wp-json\/wp\/v2\/pages\/705\/revisions\/16102"}],"wp:attachment":[{"href":"https:\/\/www.fixit.gr\/de\/wp-json\/wp\/v2\/media?parent=705"}],"curies":[{"name":"wp","href":"https:\/\/api.w.org\/{rel}","templated":true}]}}