{"id":724,"date":"2020-03-26T17:52:37","date_gmt":"2020-03-26T15:52:37","guid":{"rendered":"https:\/\/www.fixit.gr\/?page_id=724"},"modified":"2025-12-18T15:08:28","modified_gmt":"2025-12-18T13:08:28","slug":"speed-optimization","status":"publish","type":"page","link":"https:\/\/www.fixit.gr\/de\/speed-optimization","title":{"rendered":"Geschwindigkeitsoptimierung"},"content":{"rendered":"<section class=\"l-section wpb_row erp-connection-section height_medium\"><div class=\"l-section-h i-cf\"><div class=\"g-cols vc_row via_grid cols_1 laptops-cols_inherit tablets-cols_inherit mobiles-cols_1 valign_top type_default stacking_default\"><div class=\"wpb_column vc_column_container\"><div class=\"vc_column-inner\"><div class=\"w-vwrapper erp-connection-hero align_none valign_top\"><div class=\"wpb_text_column fx_custom_64abb3ab has_text_color\"><div class=\"wpb_wrapper\"><h1>SPEED OPTIMIZATION<\/h1>\n<\/div><\/div><div class=\"wpb_text_column fx_custom_66267070 has_text_color\"><div class=\"wpb_wrapper\"><p>Ein Online-Shop muss nicht nur funktionsf\u00e4hig sein, sondern auch schnell, um seine Ziele zu erreichen. Geschwindigkeit ist einer der wichtigsten Faktoren f\u00fcr einen erfolgreichen und profitablen E-Commerce-Shop.<\/p>\n<p>Wenn Sie Ihre Kunden so lange wie m\u00f6glich in Ihrem Gesch\u00e4ft halten m\u00f6chten, muss der Wechsel von Seite zu Seite und die Benutzererfahrung im Allgemeinen schnell und effizient sein.<\/p>\n<p>Ein schneller Online-Shop ist die ideale Wahl f\u00fcr einen potenziellen Kunden. Dar\u00fcber hinaus macht die Geschwindigkeitsoptimierung Ihre Website noch suchmaschinenfreundlicher und Ihr Online-Gesch\u00e4ft wird dort sein, wo es sein muss, wenn Ihre Kunden ihn ben\u00f6tigen.<\/p>\n<h2>Wir haben die M\u00f6glichkeit, Ihre Website schnell und effizient zu gestalten<\/h2>\n<p>\u039c\u03b5 \u03c4\u03b9\u03c2 \u03ba\u03b1\u03c4\u03ac\u03bb\u03bb\u03b7\u03bb\u03b5\u03c2 \u03b5\u03bd\u03ad\u03c1\u03b3\u03b5\u03b9\u03b5\u03c2 \u03c4\u03c9\u03bd \u03ad\u03bc\u03c0\u03b5\u03b9\u03c1\u03c9\u03bd web developers \u03c4\u03b7\u03c2 Fixit, \u03b7 \u03b1\u03c0\u03cc\u03b4\u03bf\u03c3\u03b7 \u03c4\u03bf\u03c5 website \u03c3\u03b1\u03c2 \u03b8\u03b1 \u03b1\u03bd\u03ad\u03b2\u03b5\u03b9 \u03ba\u03b1\u03c4\u03b1\u03ba\u03cc\u03c1\u03c5\u03c6\u03b1.<\/p>\n<p>\u039c\u03b5 \u03c4\u03b7 \u03c3\u03cd\u03bd\u03b4\u03b5\u03c3\u03b7 \u03c4\u03b7\u03c2 \u03c3\u03c9\u03c3\u03c4\u03ae\u03c2 Magento \u03b5\u03c0\u03ad\u03ba\u03c4\u03b1\u03c3\u03b7\u03c2, \u03b8\u03b1 \u03c0\u03b5\u03c4\u03cd\u03c7\u03bf\u03c5\u03bc\u03b5 \u03c4\u03b1\u03c5\u03c4\u03cc\u03c7\u03c1\u03bf\u03bd\u03b1 \u03b9\u03ba\u03b1\u03bd\u03bf\u03c0\u03bf\u03af\u03b7\u03c3\u03b7 \u03c4\u03c9\u03bd \u03c7\u03c1\u03b7\u03c3\u03c4\u03ce\u03bd \u03ba\u03b1\u03b9 \u03c5\u03c8\u03b7\u03bb\u03ad\u03c2 \u03b8\u03ad\u03c3\u03b5\u03b9\u03c2 \u03c3\u03b5 \u03bc\u03b7\u03c7\u03b1\u03bd\u03ad\u03c2 \u03b1\u03bd\u03b1\u03b6\u03ae\u03c4\u03b7\u03c3\u03b7\u03c2.<\/p>\n<\/div><\/div><div class=\"w-image fx_custom_9e2f174f align_none\"><div class=\"w-image-h\"><img loading=\"lazy\" decoding=\"async\" width=\"755\" height=\"755\" src=\"https:\/\/www.fixit.gr\/wp-content\/uploads\/Ellipse-15-1.png\" class=\"attachment-large size-large\" alt=\"\" srcset=\"https:\/\/www.fixit.gr\/wp-content\/uploads\/Ellipse-15-1.png 755w, https:\/\/www.fixit.gr\/wp-content\/uploads\/Ellipse-15-1-300x300.png 300w, https:\/\/www.fixit.gr\/wp-content\/uploads\/Ellipse-15-1-150x150.png 150w, https:\/\/www.fixit.gr\/wp-content\/uploads\/Ellipse-15-1-12x12.png 12w, https:\/\/www.fixit.gr\/wp-content\/uploads\/Ellipse-15-1-64x64.png 64w\" sizes=\"auto, (max-width: 755px) 100vw, 755px\" \/><\/div><\/div><\/div><\/div><\/div><\/div><\/div><\/section>","protected":false},"excerpt":{"rendered":"SPEED OPTIMIZATION \u0388\u03bd\u03b1 eshop \u03b5\u03ba\u03c4\u03cc\u03c2 \u03b1\u03c0\u03cc \u03bb\u03b5\u03b9\u03c4\u03bf\u03c5\u03c1\u03b3\u03b9\u03ba\u03cc \u03c0\u03c1\u03ad\u03c0\u03b5\u03b9 \u03bd\u03b1 \u03b5\u03af\u03bd\u03b1\u03b9 \u03ba\u03b1\u03b9 \u03b3\u03c1\u03ae\u03b3\u03bf\u03c1\u03bf \u03c0\u03c1\u03bf\u03ba\u03b5\u03b9\u03bc\u03ad\u03bd\u03bf\u03c5 \u03bd\u03b1 \u03c0\u03b5\u03c4\u03cd\u03c7\u03b5\u03b9 \u03c4\u03bf\u03c5\u03c2 \u03c3\u03c4\u03cc\u03c7\u03bf\u03c5\u03c2 \u03c4\u03bf\u03c5. \u0397 \u03c4\u03b1\u03c7\u03cd\u03c4\u03b7\u03c4\u03b1 \u03b5\u03af\u03bd\u03b1\u03b9 \u03ad\u03bd\u03b1\u03c2 \u03b1\u03c0\u03cc \u03c4\u03bf\u03c5\u03c2 \u03c0\u03b9\u03bf \u03c3\u03b7\u03bc\u03b1\u03bd\u03c4\u03b9\u03ba\u03bf\u03cd\u03c2 \u03c0\u03b1\u03c1\u03ac\u03b3\u03bf\u03bd\u03c4\u03b5\u03c2 \u03c0\u03bf\u03c5 \u03c3\u03c5\u03bc\u03b2\u03ac\u03bb\u03bb\u03bf\u03c5\u03bd \u03c3\u03b5 \u03ad\u03bd\u03b1 \u03b5\u03c0\u03b9\u03c4\u03c5\u03c7\u03b7\u03bc\u03ad\u03bd\u03bf \u03ba\u03b1\u03b9 \u03ba\u03b5\u03c1\u03b4\u03bf\u03c6\u03cc\u03c1\u03bf eshop. \u0395\u03ac\u03bd \u03b8\u03ad\u03bb\u03b5\u03c4\u03b5 \u03bd\u03b1 \u03ba\u03c1\u03b1\u03c4\u03ae\u03c3\u03b5\u03c4\u03b5 \u03c4\u03bf\u03c5\u03c2 \u03c0\u03b5\u03bb\u03ac\u03c4\u03b5\u03c2 \u03c3\u03b1\u03c2 \u03cc\u03c3\u03bf \u03c0\u03b5\u03c1\u03b9\u03c3\u03c3\u03cc\u03c4\u03b5\u03c1\u03bf \u03c7\u03c1\u03cc\u03bd\u03bf \u03b3\u03af\u03bd\u03b5\u03c4\u03b1\u03b9 \u03c3\u03c4\u03bf \u03ba\u03b1\u03c4\u03ac\u03c3\u03c4\u03b7\u03bc\u03ac \u03c3\u03b1\u03c2, \u03c4\u03cc\u03c4\u03b5 \u03b7 \u03b5\u03bd\u03b1\u03bb\u03bb\u03b1\u03b3\u03ae \u03b1\u03c0\u03cc \u03c3\u03b5\u03bb\u03af\u03b4\u03b1 \u03c3\u03b5...","protected":false},"author":1,"featured_media":0,"parent":0,"menu_order":0,"comment_status":"closed","ping_status":"closed","template":"","meta":{"_acf_changed":false,"inline_featured_image":false,"footnotes":""},"class_list":["post-724","page","type-page","status-publish","hentry"],"acf":[],"yoast_head":"<!-- This site is optimized with the Yoast SEO plugin v27.3 - https:\/\/yoast.com\/product\/yoast-seo-wordpress\/ -->\n<title>Speed Optimization - Fixit<\/title>\n<meta name=\"description\" content=\"\u0388\u03bd\u03b1 eshop \u03b5\u03ba\u03c4\u03cc\u03c2 \u03b1\u03c0\u03cc \u03bb\u03b5\u03b9\u03c4\u03bf\u03c5\u03c1\u03b3\u03b9\u03ba\u03cc \u03c0\u03c1\u03ad\u03c0\u03b5\u03b9 \u03bd\u03b1 \u03b5\u03af\u03bd\u03b1\u03b9 \u03ba\u03b1\u03b9 \u03b3\u03c1\u03ae\u03b3\u03bf\u03c1\u03bf \u03c0\u03c1\u03bf\u03ba\u03b5\u03b9\u03bc\u03ad\u03bd\u03bf\u03c5 \u03bd\u03b1 \u03c0\u03b5\u03c4\u03cd\u03c7\u03b5\u03b9 \u03c4\u03bf\u03c5\u03c2 \u03c3\u03c4\u03cc\u03c7\u03bf\u03c5\u03c2 \u03c4\u03bf\u03c5. \u0397 \u03c4\u03b1\u03c7\u03cd\u03c4\u03b7\u03c4\u03b1 \u03b5\u03af\u03bd\u03b1\u03b9 \u03ad\u03bd\u03b1\u03c2 \u03b1\u03c0\u03cc \u03c4\u03bf\u03c5\u03c2 \u03c0\u03b9\u03bf...\" \/>\n<meta name=\"robots\" content=\"index, follow, max-snippet:-1, max-image-preview:large, max-video-preview:-1\" \/>\n<link rel=\"canonical\" href=\"https:\/\/www.fixit.gr\/de\/speed-optimization\/\" \/>\n<meta property=\"og:locale\" content=\"de_DE\" \/>\n<meta property=\"og:type\" content=\"article\" \/>\n<meta property=\"og:title\" content=\"Speed Optimization - Fixit\" \/>\n<meta property=\"og:description\" content=\"\u0388\u03bd\u03b1 eshop \u03b5\u03ba\u03c4\u03cc\u03c2 \u03b1\u03c0\u03cc \u03bb\u03b5\u03b9\u03c4\u03bf\u03c5\u03c1\u03b3\u03b9\u03ba\u03cc \u03c0\u03c1\u03ad\u03c0\u03b5\u03b9 \u03bd\u03b1 \u03b5\u03af\u03bd\u03b1\u03b9 \u03ba\u03b1\u03b9 \u03b3\u03c1\u03ae\u03b3\u03bf\u03c1\u03bf \u03c0\u03c1\u03bf\u03ba\u03b5\u03b9\u03bc\u03ad\u03bd\u03bf\u03c5 \u03bd\u03b1 \u03c0\u03b5\u03c4\u03cd\u03c7\u03b5\u03b9 \u03c4\u03bf\u03c5\u03c2 \u03c3\u03c4\u03cc\u03c7\u03bf\u03c5\u03c2 \u03c4\u03bf\u03c5. \u0397 \u03c4\u03b1\u03c7\u03cd\u03c4\u03b7\u03c4\u03b1 \u03b5\u03af\u03bd\u03b1\u03b9 \u03ad\u03bd\u03b1\u03c2 \u03b1\u03c0\u03cc \u03c4\u03bf\u03c5\u03c2 \u03c0\u03b9\u03bf...\" \/>\n<meta property=\"og:url\" content=\"https:\/\/www.fixit.gr\/de\/speed-optimization\/\" \/>\n<meta property=\"og:site_name\" content=\"Fixit\" \/>\n<meta property=\"article:publisher\" content=\"https:\/\/www.facebook.com\/Fixit.el\/\" \/>\n<meta property=\"article:modified_time\" content=\"2025-12-18T13:08:28+00:00\" \/>\n<meta name=\"twitter:card\" content=\"summary_large_image\" \/>\n<meta name=\"twitter:label1\" content=\"Gesch\u00e4tzte Lesezeit\" \/>\n\t<meta name=\"twitter:data1\" content=\"1\u00a0Minute\" \/>\n<script type=\"application\/ld+json\" class=\"yoast-schema-graph\">{\"@context\":\"https:\\\/\\\/schema.org\",\"@graph\":[{\"@type\":\"WebPage\",\"@id\":\"https:\\\/\\\/www.fixit.gr\\\/speed-optimization\",\"url\":\"https:\\\/\\\/www.fixit.gr\\\/speed-optimization\",\"name\":\"Speed Optimization - Fixit\",\"isPartOf\":{\"@id\":\"https:\\\/\\\/www.fixit.gr\\\/#website\"},\"datePublished\":\"2020-03-26T15:52:37+00:00\",\"dateModified\":\"2025-12-18T13:08:28+00:00\",\"description\":\"\u0388\u03bd\u03b1 eshop \u03b5\u03ba\u03c4\u03cc\u03c2 \u03b1\u03c0\u03cc \u03bb\u03b5\u03b9\u03c4\u03bf\u03c5\u03c1\u03b3\u03b9\u03ba\u03cc \u03c0\u03c1\u03ad\u03c0\u03b5\u03b9 \u03bd\u03b1 \u03b5\u03af\u03bd\u03b1\u03b9 \u03ba\u03b1\u03b9 \u03b3\u03c1\u03ae\u03b3\u03bf\u03c1\u03bf \u03c0\u03c1\u03bf\u03ba\u03b5\u03b9\u03bc\u03ad\u03bd\u03bf\u03c5 \u03bd\u03b1 \u03c0\u03b5\u03c4\u03cd\u03c7\u03b5\u03b9 \u03c4\u03bf\u03c5\u03c2 \u03c3\u03c4\u03cc\u03c7\u03bf\u03c5\u03c2 \u03c4\u03bf\u03c5. \u0397 \u03c4\u03b1\u03c7\u03cd\u03c4\u03b7\u03c4\u03b1 \u03b5\u03af\u03bd\u03b1\u03b9 \u03ad\u03bd\u03b1\u03c2 \u03b1\u03c0\u03cc \u03c4\u03bf\u03c5\u03c2 \u03c0\u03b9\u03bf...\",\"inLanguage\":\"de\",\"potentialAction\":[{\"@type\":\"ReadAction\",\"target\":[\"https:\\\/\\\/www.fixit.gr\\\/speed-optimization\"]}]},{\"@type\":\"WebSite\",\"@id\":\"https:\\\/\\\/www.fixit.gr\\\/#website\",\"url\":\"https:\\\/\\\/www.fixit.gr\\\/\",\"name\":\"Fixit\",\"description\":\"\u0394\u03b7\u03bc\u03b9\u03bf\u03c5\u03c1\u03b3\u03af\u03b1 eCommerce Web Sites\",\"publisher\":{\"@id\":\"https:\\\/\\\/www.fixit.gr\\\/#organization\"},\"potentialAction\":[{\"@type\":\"SearchAction\",\"target\":{\"@type\":\"EntryPoint\",\"urlTemplate\":\"https:\\\/\\\/www.fixit.gr\\\/?s={search_term_string}\"},\"query-input\":{\"@type\":\"PropertyValueSpecification\",\"valueRequired\":true,\"valueName\":\"search_term_string\"}}],\"inLanguage\":\"de\"},{\"@type\":\"Organization\",\"@id\":\"https:\\\/\\\/www.fixit.gr\\\/#organization\",\"name\":\"Fixit\",\"url\":\"https:\\\/\\\/www.fixit.gr\\\/\",\"logo\":{\"@type\":\"ImageObject\",\"inLanguage\":\"de\",\"@id\":\"https:\\\/\\\/www.fixit.gr\\\/#\\\/schema\\\/logo\\\/image\\\/\",\"url\":\"https:\\\/\\\/www.fixit.gr\\\/wp-content\\\/uploads\\\/2022\\\/07\\\/fixit_logo_site-min.png\",\"contentUrl\":\"https:\\\/\\\/www.fixit.gr\\\/wp-content\\\/uploads\\\/2022\\\/07\\\/fixit_logo_site-min.png\",\"width\":801,\"height\":179,\"caption\":\"Fixit\"},\"image\":{\"@id\":\"https:\\\/\\\/www.fixit.gr\\\/#\\\/schema\\\/logo\\\/image\\\/\"},\"sameAs\":[\"https:\\\/\\\/www.facebook.com\\\/Fixit.el\\\/\"]}]}<\/script>\n<!-- \/ Yoast SEO plugin. -->","yoast_head_json":{"title":"Speed Optimization - Fixit","description":"\u0388\u03bd\u03b1 eshop \u03b5\u03ba\u03c4\u03cc\u03c2 \u03b1\u03c0\u03cc \u03bb\u03b5\u03b9\u03c4\u03bf\u03c5\u03c1\u03b3\u03b9\u03ba\u03cc \u03c0\u03c1\u03ad\u03c0\u03b5\u03b9 \u03bd\u03b1 \u03b5\u03af\u03bd\u03b1\u03b9 \u03ba\u03b1\u03b9 \u03b3\u03c1\u03ae\u03b3\u03bf\u03c1\u03bf \u03c0\u03c1\u03bf\u03ba\u03b5\u03b9\u03bc\u03ad\u03bd\u03bf\u03c5 \u03bd\u03b1 \u03c0\u03b5\u03c4\u03cd\u03c7\u03b5\u03b9 \u03c4\u03bf\u03c5\u03c2 \u03c3\u03c4\u03cc\u03c7\u03bf\u03c5\u03c2 \u03c4\u03bf\u03c5. \u0397 \u03c4\u03b1\u03c7\u03cd\u03c4\u03b7\u03c4\u03b1 \u03b5\u03af\u03bd\u03b1\u03b9 \u03ad\u03bd\u03b1\u03c2 \u03b1\u03c0\u03cc \u03c4\u03bf\u03c5\u03c2 \u03c0\u03b9\u03bf...","robots":{"index":"index","follow":"follow","max-snippet":"max-snippet:-1","max-image-preview":"max-image-preview:large","max-video-preview":"max-video-preview:-1"},"canonical":"https:\/\/www.fixit.gr\/de\/speed-optimization\/","og_locale":"de_DE","og_type":"article","og_title":"Speed Optimization - Fixit","og_description":"\u0388\u03bd\u03b1 eshop \u03b5\u03ba\u03c4\u03cc\u03c2 \u03b1\u03c0\u03cc \u03bb\u03b5\u03b9\u03c4\u03bf\u03c5\u03c1\u03b3\u03b9\u03ba\u03cc \u03c0\u03c1\u03ad\u03c0\u03b5\u03b9 \u03bd\u03b1 \u03b5\u03af\u03bd\u03b1\u03b9 \u03ba\u03b1\u03b9 \u03b3\u03c1\u03ae\u03b3\u03bf\u03c1\u03bf \u03c0\u03c1\u03bf\u03ba\u03b5\u03b9\u03bc\u03ad\u03bd\u03bf\u03c5 \u03bd\u03b1 \u03c0\u03b5\u03c4\u03cd\u03c7\u03b5\u03b9 \u03c4\u03bf\u03c5\u03c2 \u03c3\u03c4\u03cc\u03c7\u03bf\u03c5\u03c2 \u03c4\u03bf\u03c5. \u0397 \u03c4\u03b1\u03c7\u03cd\u03c4\u03b7\u03c4\u03b1 \u03b5\u03af\u03bd\u03b1\u03b9 \u03ad\u03bd\u03b1\u03c2 \u03b1\u03c0\u03cc \u03c4\u03bf\u03c5\u03c2 \u03c0\u03b9\u03bf...","og_url":"https:\/\/www.fixit.gr\/de\/speed-optimization\/","og_site_name":"Fixit","article_publisher":"https:\/\/www.facebook.com\/Fixit.el\/","article_modified_time":"2025-12-18T13:08:28+00:00","twitter_card":"summary_large_image","twitter_misc":{"Gesch\u00e4tzte Lesezeit":"1\u00a0Minute"},"schema":{"@context":"https:\/\/schema.org","@graph":[{"@type":"WebPage","@id":"https:\/\/www.fixit.gr\/speed-optimization","url":"https:\/\/www.fixit.gr\/speed-optimization","name":"Speed Optimization - Fixit","isPartOf":{"@id":"https:\/\/www.fixit.gr\/#website"},"datePublished":"2020-03-26T15:52:37+00:00","dateModified":"2025-12-18T13:08:28+00:00","description":"\u0388\u03bd\u03b1 eshop \u03b5\u03ba\u03c4\u03cc\u03c2 \u03b1\u03c0\u03cc \u03bb\u03b5\u03b9\u03c4\u03bf\u03c5\u03c1\u03b3\u03b9\u03ba\u03cc \u03c0\u03c1\u03ad\u03c0\u03b5\u03b9 \u03bd\u03b1 \u03b5\u03af\u03bd\u03b1\u03b9 \u03ba\u03b1\u03b9 \u03b3\u03c1\u03ae\u03b3\u03bf\u03c1\u03bf \u03c0\u03c1\u03bf\u03ba\u03b5\u03b9\u03bc\u03ad\u03bd\u03bf\u03c5 \u03bd\u03b1 \u03c0\u03b5\u03c4\u03cd\u03c7\u03b5\u03b9 \u03c4\u03bf\u03c5\u03c2 \u03c3\u03c4\u03cc\u03c7\u03bf\u03c5\u03c2 \u03c4\u03bf\u03c5. \u0397 \u03c4\u03b1\u03c7\u03cd\u03c4\u03b7\u03c4\u03b1 \u03b5\u03af\u03bd\u03b1\u03b9 \u03ad\u03bd\u03b1\u03c2 \u03b1\u03c0\u03cc \u03c4\u03bf\u03c5\u03c2 \u03c0\u03b9\u03bf...","inLanguage":"de","potentialAction":[{"@type":"ReadAction","target":["https:\/\/www.fixit.gr\/speed-optimization"]}]},{"@type":"WebSite","@id":"https:\/\/www.fixit.gr\/#website","url":"https:\/\/www.fixit.gr\/","name":"Fixit","description":"\u0394\u03b7\u03bc\u03b9\u03bf\u03c5\u03c1\u03b3\u03af\u03b1 eCommerce Web Sites","publisher":{"@id":"https:\/\/www.fixit.gr\/#organization"},"potentialAction":[{"@type":"SearchAction","target":{"@type":"EntryPoint","urlTemplate":"https:\/\/www.fixit.gr\/?s={search_term_string}"},"query-input":{"@type":"PropertyValueSpecification","valueRequired":true,"valueName":"search_term_string"}}],"inLanguage":"de"},{"@type":"Organization","@id":"https:\/\/www.fixit.gr\/#organization","name":"Fixit","url":"https:\/\/www.fixit.gr\/","logo":{"@type":"ImageObject","inLanguage":"de","@id":"https:\/\/www.fixit.gr\/#\/schema\/logo\/image\/","url":"https:\/\/www.fixit.gr\/wp-content\/uploads\/2022\/07\/fixit_logo_site-min.png","contentUrl":"https:\/\/www.fixit.gr\/wp-content\/uploads\/2022\/07\/fixit_logo_site-min.png","width":801,"height":179,"caption":"Fixit"},"image":{"@id":"https:\/\/www.fixit.gr\/#\/schema\/logo\/image\/"},"sameAs":["https:\/\/www.facebook.com\/Fixit.el\/"]}]}},"amp_enabled":true,"_links":{"self":[{"href":"https:\/\/www.fixit.gr\/de\/wp-json\/wp\/v2\/pages\/724","targetHints":{"allow":["GET"]}}],"collection":[{"href":"https:\/\/www.fixit.gr\/de\/wp-json\/wp\/v2\/pages"}],"about":[{"href":"https:\/\/www.fixit.gr\/de\/wp-json\/wp\/v2\/types\/page"}],"author":[{"embeddable":true,"href":"https:\/\/www.fixit.gr\/de\/wp-json\/wp\/v2\/users\/1"}],"replies":[{"embeddable":true,"href":"https:\/\/www.fixit.gr\/de\/wp-json\/wp\/v2\/comments?post=724"}],"version-history":[{"count":12,"href":"https:\/\/www.fixit.gr\/de\/wp-json\/wp\/v2\/pages\/724\/revisions"}],"predecessor-version":[{"id":16122,"href":"https:\/\/www.fixit.gr\/de\/wp-json\/wp\/v2\/pages\/724\/revisions\/16122"}],"wp:attachment":[{"href":"https:\/\/www.fixit.gr\/de\/wp-json\/wp\/v2\/media?parent=724"}],"curies":[{"name":"wp","href":"https:\/\/api.w.org\/{rel}","templated":true}]}}