{"id":730,"date":"2020-03-26T18:07:21","date_gmt":"2020-03-26T16:07:21","guid":{"rendered":"https:\/\/www.fixit.gr\/?page_id=730"},"modified":"2025-12-16T16:30:38","modified_gmt":"2025-12-16T14:30:38","slug":"support","status":"publish","type":"page","link":"https:\/\/www.fixit.gr\/de\/support","title":{"rendered":"Support"},"content":{"rendered":"<section class=\"l-section wpb_row erp-connection-section height_medium\"><div class=\"l-section-h i-cf\"><div class=\"g-cols vc_row via_grid cols_1 laptops-cols_inherit tablets-cols_inherit mobiles-cols_1 valign_top type_default stacking_default\"><div class=\"wpb_column vc_column_container\"><div class=\"vc_column-inner\"><div class=\"w-vwrapper erp-connection-hero align_none valign_top\"><div class=\"wpb_text_column fx_custom_cab42cbd has_text_color\"><div class=\"wpb_wrapper\"><\/div><\/div><div class=\"wpb_text_column fx_custom_66267070 has_text_color\"><div class=\"wpb_wrapper\"><h2>24\/7 SUPPORT<\/h2>\n<p>Sie k\u00f6nnen sicher sein, dass Ihr Online-Shop rund um die Uhr zuverl\u00e4ssig funktioniert. F\u00fcr alle auftretenden Probleme k\u00f6nnen Sie uns jederzeit kontaktieren und wir k\u00fcmmern uns umgehend um eine L\u00f6sung. Der technische Support stellt sicher, dass Ihr E-Shop jederzeit einwandfrei funktioniert.<\/p>\n<h2>Was uns wichtig ist<\/h2>\n<p>Ein geeignetes technisches Support-Team sollte nicht nur warten, bis ein Problem auftritt, bevor es reagiert. Wir, bei Fixit, \u00fcberpr\u00fcfen kontinuierlich Ihre Webseite und \u00fcberwachen diese. Wir identifizieren potenzielle Probleme und l\u00f6sen sie rechtzeitig.<\/p>\n<h2>Wir sind f\u00fcr Sie da<\/h2>\n<p>Egal, ob Sie uns telefonisch oder elektronisch kontaktieren, einer unserer erfahrenen Techniker wird Ihre Anfrage umgehend mit Professionalit\u00e4t und Freundlichkeit beantworten.<\/p>\n<\/div><\/div><div class=\"w-image fx_custom_9e2f174f align_none\"><div class=\"w-image-h\"><img loading=\"lazy\" decoding=\"async\" width=\"755\" height=\"755\" src=\"https:\/\/www.fixit.gr\/wp-content\/uploads\/Ellipse-15-1.png\" class=\"attachment-large size-large\" alt=\"\" srcset=\"https:\/\/www.fixit.gr\/wp-content\/uploads\/Ellipse-15-1.png 755w, https:\/\/www.fixit.gr\/wp-content\/uploads\/Ellipse-15-1-300x300.png 300w, https:\/\/www.fixit.gr\/wp-content\/uploads\/Ellipse-15-1-150x150.png 150w, https:\/\/www.fixit.gr\/wp-content\/uploads\/Ellipse-15-1-12x12.png 12w, https:\/\/www.fixit.gr\/wp-content\/uploads\/Ellipse-15-1-64x64.png 64w\" sizes=\"auto, (max-width: 755px) 100vw, 755px\" \/><\/div><\/div><\/div><\/div><\/div><\/div><\/div><\/section><section class=\"l-section wpb_row fx_custom_20299700 height_medium width_full\"><div class=\"l-section-h i-cf\"><div class=\"g-cols vc_row via_grid cols_1 laptops-cols_inherit tablets-cols_inherit mobiles-cols_1 valign_top type_default stacking_default\"><div class=\"wpb_column vc_column_container cloud-hero-wrapper\"><div class=\"vc_column-inner\"><div class=\"w-html\"><div class=\"cloud-wrapper\">\n    <div class=\"cloud-inner\">\n        <div class=\"cloud\">\n            <div class=\"cloud-text\">Flexibility for your E-shop<\/div>\n            <img decoding=\"async\" src=\"\/wp-content\/uploads\/Group-71.png\" alt=\"\">\n        <\/div>\n        <div class=\"cloud-description\">\n            <p>Wir wissen, dass jeder Online-Shop unterschiedliche Anforderungen hat. Sie k\u00f6nnen w\u00e4hlen, welches der flexiblen technischen Support-Pakete am besten zu Ihnen passt.<\/p>\n        <\/div>\n    <\/div>\n<\/div>\n<\/div><\/div><\/div><\/div><\/div><\/section>","protected":false},"excerpt":{"rendered":"24\/7 SUPPORT \u039c\u03c0\u03bf\u03c1\u03b5\u03af\u03c4\u03b5 \u03bd\u03b1 \u03b5\u03af\u03c3\u03c4\u03b5 \u03c3\u03af\u03b3\u03bf\u03c5\u03c1\u03bf\u03b9 \u03cc\u03c4\u03b9 \u03c4\u03bf eshop \u03c3\u03b1\u03c2 \u03b8\u03b1 \u03bb\u03b5\u03b9\u03c4\u03bf\u03c5\u03c1\u03b3\u03b5\u03af \u03ac\u03c8\u03bf\u03b3\u03b1 24 \u03ce\u03c1\u03b5\u03c2 \u03c4\u03bf 24\u03c9\u03c1\u03bf. \u0393\u03b9\u03b1 \u03cc\u03c0\u03bf\u03b9\u03bf \u03b6\u03ae\u03c4\u03b7\u03bc\u03b1 \u03c0\u03c1\u03bf\u03ba\u03cd\u03c8\u03b5\u03b9 \u03bc\u03c0\u03bf\u03c1\u03b5\u03af\u03c4\u03b5 \u03bd\u03b1 \u03b5\u03c0\u03b9\u03ba\u03bf\u03b9\u03bd\u03c9\u03bd\u03b5\u03af\u03c4\u03b5 \u03bc\u03b1\u03b6\u03af \u03bc\u03b1\u03c2 \u03ba\u03b9 \u03b5\u03bc\u03b5\u03af\u03c2 \u03bd\u03b1 \u03c0\u03c1\u03bf\u03c7\u03c9\u03c1\u03bf\u03cd\u03bc\u03b5 \u03c3\u03c4\u03b7\u03bd \u03ac\u03bc\u03b5\u03c3\u03b7 \u03b5\u03c0\u03af\u03bb\u03c5\u03c3\u03b7 \u03c4\u03bf\u03c5. \u0397 \u03c4\u03b5\u03c7\u03bd\u03b9\u03ba\u03ae \u03c5\u03c0\u03bf\u03c3\u03c4\u03ae\u03c1\u03b9\u03be\u03b7 \u03b5\u03be\u03b1\u03c3\u03c6\u03b1\u03bb\u03af\u03b6\u03b5\u03b9 \u03c0\u03c9\u03c2 \u03c4\u03bf eshop \u03c3\u03b1\u03c2 \u03b8\u03b1 \u03b4\u03bf\u03c5\u03bb\u03b5\u03cd\u03b5\u03b9 \u03c4\u03ad\u03bb\u03b5\u03b9\u03b1 \u03b1\u03bd\u03ac \u03c0\u03ac\u03c3\u03b1 \u03c3\u03c4\u03b9\u03b3\u03bc\u03ae. Always aware \u039c\u03b9\u03b1 \u03c3\u03c9\u03c3\u03c4\u03ae \u03bf\u03bc\u03ac\u03b4\u03b1 \u03c4\u03b5\u03c7\u03bd\u03b9\u03ba\u03ae\u03c2 \u03c5\u03c0\u03bf\u03c3\u03c4\u03ae\u03c1\u03b9\u03be\u03b7\u03c2,...","protected":false},"author":1,"featured_media":0,"parent":0,"menu_order":0,"comment_status":"closed","ping_status":"closed","template":"","meta":{"_acf_changed":false,"inline_featured_image":false,"footnotes":""},"class_list":["post-730","page","type-page","status-publish","hentry"],"acf":[],"yoast_head":"<!-- This site is optimized with the Yoast SEO plugin v27.3 - https:\/\/yoast.com\/product\/yoast-seo-wordpress\/ -->\n<title>\u03a5\u03c0\u03bf\u03c3\u03c4\u03ae\u03c1\u03b9\u03be\u03b7 - Fixit<\/title>\n<meta name=\"description\" content=\"\u039c\u03c0\u03bf\u03c1\u03b5\u03af\u03c4\u03b5 \u03bd\u03b1 \u03b5\u03af\u03c3\u03c4\u03b5 \u03c3\u03af\u03b3\u03bf\u03c5\u03c1\u03bf\u03b9 \u03cc\u03c4\u03b9 \u03c4\u03bf eshop \u03c3\u03b1\u03c2 \u03b8\u03b1 \u03bb\u03b5\u03b9\u03c4\u03bf\u03c5\u03c1\u03b3\u03b5\u03af \u03ac\u03c8\u03bf\u03b3\u03b1 24 \u03ce\u03c1\u03b5\u03c2 \u03c4\u03bf 24\u03c9\u03c1\u03bf. \u0393\u03b9\u03b1 \u03cc\u03c0\u03bf\u03b9\u03bf \u03b6\u03ae\u03c4\u03b7\u03bc\u03b1 \u03c0\u03c1\u03bf\u03ba\u03cd\u03c8\u03b5i...\" \/>\n<meta name=\"robots\" content=\"index, follow, max-snippet:-1, max-image-preview:large, max-video-preview:-1\" \/>\n<link rel=\"canonical\" href=\"https:\/\/www.fixit.gr\/de\/support\/\" \/>\n<meta property=\"og:locale\" content=\"de_DE\" \/>\n<meta property=\"og:type\" content=\"article\" \/>\n<meta property=\"og:title\" content=\"\u03a5\u03c0\u03bf\u03c3\u03c4\u03ae\u03c1\u03b9\u03be\u03b7 - Fixit\" \/>\n<meta property=\"og:description\" content=\"\u039c\u03c0\u03bf\u03c1\u03b5\u03af\u03c4\u03b5 \u03bd\u03b1 \u03b5\u03af\u03c3\u03c4\u03b5 \u03c3\u03af\u03b3\u03bf\u03c5\u03c1\u03bf\u03b9 \u03cc\u03c4\u03b9 \u03c4\u03bf eshop \u03c3\u03b1\u03c2 \u03b8\u03b1 \u03bb\u03b5\u03b9\u03c4\u03bf\u03c5\u03c1\u03b3\u03b5\u03af \u03ac\u03c8\u03bf\u03b3\u03b1 24 \u03ce\u03c1\u03b5\u03c2 \u03c4\u03bf 24\u03c9\u03c1\u03bf. \u0393\u03b9\u03b1 \u03cc\u03c0\u03bf\u03b9\u03bf \u03b6\u03ae\u03c4\u03b7\u03bc\u03b1 \u03c0\u03c1\u03bf\u03ba\u03cd\u03c8\u03b5i...\" \/>\n<meta property=\"og:url\" content=\"https:\/\/www.fixit.gr\/de\/support\/\" \/>\n<meta property=\"og:site_name\" content=\"Fixit\" \/>\n<meta property=\"article:publisher\" content=\"https:\/\/www.facebook.com\/Fixit.el\/\" \/>\n<meta property=\"article:modified_time\" content=\"2025-12-16T14:30:38+00:00\" \/>\n<meta name=\"twitter:card\" content=\"summary_large_image\" \/>\n<meta name=\"twitter:label1\" content=\"Gesch\u00e4tzte Lesezeit\" \/>\n\t<meta name=\"twitter:data1\" content=\"1\u00a0Minute\" \/>\n<script type=\"application\/ld+json\" class=\"yoast-schema-graph\">{\"@context\":\"https:\\\/\\\/schema.org\",\"@graph\":[{\"@type\":\"WebPage\",\"@id\":\"https:\\\/\\\/www.fixit.gr\\\/support\",\"url\":\"https:\\\/\\\/www.fixit.gr\\\/support\",\"name\":\"\u03a5\u03c0\u03bf\u03c3\u03c4\u03ae\u03c1\u03b9\u03be\u03b7 - Fixit\",\"isPartOf\":{\"@id\":\"https:\\\/\\\/www.fixit.gr\\\/#website\"},\"datePublished\":\"2020-03-26T16:07:21+00:00\",\"dateModified\":\"2025-12-16T14:30:38+00:00\",\"description\":\"\u039c\u03c0\u03bf\u03c1\u03b5\u03af\u03c4\u03b5 \u03bd\u03b1 \u03b5\u03af\u03c3\u03c4\u03b5 \u03c3\u03af\u03b3\u03bf\u03c5\u03c1\u03bf\u03b9 \u03cc\u03c4\u03b9 \u03c4\u03bf eshop \u03c3\u03b1\u03c2 \u03b8\u03b1 \u03bb\u03b5\u03b9\u03c4\u03bf\u03c5\u03c1\u03b3\u03b5\u03af \u03ac\u03c8\u03bf\u03b3\u03b1 24 \u03ce\u03c1\u03b5\u03c2 \u03c4\u03bf 24\u03c9\u03c1\u03bf. \u0393\u03b9\u03b1 \u03cc\u03c0\u03bf\u03b9\u03bf \u03b6\u03ae\u03c4\u03b7\u03bc\u03b1 \u03c0\u03c1\u03bf\u03ba\u03cd\u03c8\u03b5i...\",\"inLanguage\":\"de\",\"potentialAction\":[{\"@type\":\"ReadAction\",\"target\":[\"https:\\\/\\\/www.fixit.gr\\\/support\"]}]},{\"@type\":\"WebSite\",\"@id\":\"https:\\\/\\\/www.fixit.gr\\\/#website\",\"url\":\"https:\\\/\\\/www.fixit.gr\\\/\",\"name\":\"Fixit\",\"description\":\"\u0394\u03b7\u03bc\u03b9\u03bf\u03c5\u03c1\u03b3\u03af\u03b1 eCommerce Web Sites\",\"publisher\":{\"@id\":\"https:\\\/\\\/www.fixit.gr\\\/#organization\"},\"potentialAction\":[{\"@type\":\"SearchAction\",\"target\":{\"@type\":\"EntryPoint\",\"urlTemplate\":\"https:\\\/\\\/www.fixit.gr\\\/?s={search_term_string}\"},\"query-input\":{\"@type\":\"PropertyValueSpecification\",\"valueRequired\":true,\"valueName\":\"search_term_string\"}}],\"inLanguage\":\"de\"},{\"@type\":\"Organization\",\"@id\":\"https:\\\/\\\/www.fixit.gr\\\/#organization\",\"name\":\"Fixit\",\"url\":\"https:\\\/\\\/www.fixit.gr\\\/\",\"logo\":{\"@type\":\"ImageObject\",\"inLanguage\":\"de\",\"@id\":\"https:\\\/\\\/www.fixit.gr\\\/#\\\/schema\\\/logo\\\/image\\\/\",\"url\":\"https:\\\/\\\/www.fixit.gr\\\/wp-content\\\/uploads\\\/2022\\\/07\\\/fixit_logo_site-min.png\",\"contentUrl\":\"https:\\\/\\\/www.fixit.gr\\\/wp-content\\\/uploads\\\/2022\\\/07\\\/fixit_logo_site-min.png\",\"width\":801,\"height\":179,\"caption\":\"Fixit\"},\"image\":{\"@id\":\"https:\\\/\\\/www.fixit.gr\\\/#\\\/schema\\\/logo\\\/image\\\/\"},\"sameAs\":[\"https:\\\/\\\/www.facebook.com\\\/Fixit.el\\\/\"]}]}<\/script>\n<!-- \/ Yoast SEO plugin. -->","yoast_head_json":{"title":"\u03a5\u03c0\u03bf\u03c3\u03c4\u03ae\u03c1\u03b9\u03be\u03b7 - Fixit","description":"\u039c\u03c0\u03bf\u03c1\u03b5\u03af\u03c4\u03b5 \u03bd\u03b1 \u03b5\u03af\u03c3\u03c4\u03b5 \u03c3\u03af\u03b3\u03bf\u03c5\u03c1\u03bf\u03b9 \u03cc\u03c4\u03b9 \u03c4\u03bf eshop \u03c3\u03b1\u03c2 \u03b8\u03b1 \u03bb\u03b5\u03b9\u03c4\u03bf\u03c5\u03c1\u03b3\u03b5\u03af \u03ac\u03c8\u03bf\u03b3\u03b1 24 \u03ce\u03c1\u03b5\u03c2 \u03c4\u03bf 24\u03c9\u03c1\u03bf. \u0393\u03b9\u03b1 \u03cc\u03c0\u03bf\u03b9\u03bf \u03b6\u03ae\u03c4\u03b7\u03bc\u03b1 \u03c0\u03c1\u03bf\u03ba\u03cd\u03c8\u03b5i...","robots":{"index":"index","follow":"follow","max-snippet":"max-snippet:-1","max-image-preview":"max-image-preview:large","max-video-preview":"max-video-preview:-1"},"canonical":"https:\/\/www.fixit.gr\/de\/support\/","og_locale":"de_DE","og_type":"article","og_title":"\u03a5\u03c0\u03bf\u03c3\u03c4\u03ae\u03c1\u03b9\u03be\u03b7 - Fixit","og_description":"\u039c\u03c0\u03bf\u03c1\u03b5\u03af\u03c4\u03b5 \u03bd\u03b1 \u03b5\u03af\u03c3\u03c4\u03b5 \u03c3\u03af\u03b3\u03bf\u03c5\u03c1\u03bf\u03b9 \u03cc\u03c4\u03b9 \u03c4\u03bf eshop \u03c3\u03b1\u03c2 \u03b8\u03b1 \u03bb\u03b5\u03b9\u03c4\u03bf\u03c5\u03c1\u03b3\u03b5\u03af \u03ac\u03c8\u03bf\u03b3\u03b1 24 \u03ce\u03c1\u03b5\u03c2 \u03c4\u03bf 24\u03c9\u03c1\u03bf. \u0393\u03b9\u03b1 \u03cc\u03c0\u03bf\u03b9\u03bf \u03b6\u03ae\u03c4\u03b7\u03bc\u03b1 \u03c0\u03c1\u03bf\u03ba\u03cd\u03c8\u03b5i...","og_url":"https:\/\/www.fixit.gr\/de\/support\/","og_site_name":"Fixit","article_publisher":"https:\/\/www.facebook.com\/Fixit.el\/","article_modified_time":"2025-12-16T14:30:38+00:00","twitter_card":"summary_large_image","twitter_misc":{"Gesch\u00e4tzte Lesezeit":"1\u00a0Minute"},"schema":{"@context":"https:\/\/schema.org","@graph":[{"@type":"WebPage","@id":"https:\/\/www.fixit.gr\/support","url":"https:\/\/www.fixit.gr\/support","name":"\u03a5\u03c0\u03bf\u03c3\u03c4\u03ae\u03c1\u03b9\u03be\u03b7 - Fixit","isPartOf":{"@id":"https:\/\/www.fixit.gr\/#website"},"datePublished":"2020-03-26T16:07:21+00:00","dateModified":"2025-12-16T14:30:38+00:00","description":"\u039c\u03c0\u03bf\u03c1\u03b5\u03af\u03c4\u03b5 \u03bd\u03b1 \u03b5\u03af\u03c3\u03c4\u03b5 \u03c3\u03af\u03b3\u03bf\u03c5\u03c1\u03bf\u03b9 \u03cc\u03c4\u03b9 \u03c4\u03bf eshop \u03c3\u03b1\u03c2 \u03b8\u03b1 \u03bb\u03b5\u03b9\u03c4\u03bf\u03c5\u03c1\u03b3\u03b5\u03af \u03ac\u03c8\u03bf\u03b3\u03b1 24 \u03ce\u03c1\u03b5\u03c2 \u03c4\u03bf 24\u03c9\u03c1\u03bf. \u0393\u03b9\u03b1 \u03cc\u03c0\u03bf\u03b9\u03bf \u03b6\u03ae\u03c4\u03b7\u03bc\u03b1 \u03c0\u03c1\u03bf\u03ba\u03cd\u03c8\u03b5i...","inLanguage":"de","potentialAction":[{"@type":"ReadAction","target":["https:\/\/www.fixit.gr\/support"]}]},{"@type":"WebSite","@id":"https:\/\/www.fixit.gr\/#website","url":"https:\/\/www.fixit.gr\/","name":"Fixit","description":"\u0394\u03b7\u03bc\u03b9\u03bf\u03c5\u03c1\u03b3\u03af\u03b1 eCommerce Web Sites","publisher":{"@id":"https:\/\/www.fixit.gr\/#organization"},"potentialAction":[{"@type":"SearchAction","target":{"@type":"EntryPoint","urlTemplate":"https:\/\/www.fixit.gr\/?s={search_term_string}"},"query-input":{"@type":"PropertyValueSpecification","valueRequired":true,"valueName":"search_term_string"}}],"inLanguage":"de"},{"@type":"Organization","@id":"https:\/\/www.fixit.gr\/#organization","name":"Fixit","url":"https:\/\/www.fixit.gr\/","logo":{"@type":"ImageObject","inLanguage":"de","@id":"https:\/\/www.fixit.gr\/#\/schema\/logo\/image\/","url":"https:\/\/www.fixit.gr\/wp-content\/uploads\/2022\/07\/fixit_logo_site-min.png","contentUrl":"https:\/\/www.fixit.gr\/wp-content\/uploads\/2022\/07\/fixit_logo_site-min.png","width":801,"height":179,"caption":"Fixit"},"image":{"@id":"https:\/\/www.fixit.gr\/#\/schema\/logo\/image\/"},"sameAs":["https:\/\/www.facebook.com\/Fixit.el\/"]}]}},"amp_enabled":true,"_links":{"self":[{"href":"https:\/\/www.fixit.gr\/de\/wp-json\/wp\/v2\/pages\/730","targetHints":{"allow":["GET"]}}],"collection":[{"href":"https:\/\/www.fixit.gr\/de\/wp-json\/wp\/v2\/pages"}],"about":[{"href":"https:\/\/www.fixit.gr\/de\/wp-json\/wp\/v2\/types\/page"}],"author":[{"embeddable":true,"href":"https:\/\/www.fixit.gr\/de\/wp-json\/wp\/v2\/users\/1"}],"replies":[{"embeddable":true,"href":"https:\/\/www.fixit.gr\/de\/wp-json\/wp\/v2\/comments?post=730"}],"version-history":[{"count":10,"href":"https:\/\/www.fixit.gr\/de\/wp-json\/wp\/v2\/pages\/730\/revisions"}],"predecessor-version":[{"id":15945,"href":"https:\/\/www.fixit.gr\/de\/wp-json\/wp\/v2\/pages\/730\/revisions\/15945"}],"wp:attachment":[{"href":"https:\/\/www.fixit.gr\/de\/wp-json\/wp\/v2\/media?parent=730"}],"curies":[{"name":"wp","href":"https:\/\/api.w.org\/{rel}","templated":true}]}}